{"id":149,"date":"2016-05-16T17:25:20","date_gmt":"2016-05-16T16:25:20","guid":{"rendered":"http:\/\/sedirelyon.fr\/lesdiaconessesdurocher\/?page_id=149"},"modified":"2016-05-16T17:32:52","modified_gmt":"2016-05-16T16:32:52","slug":"creation-diaconat-feminin","status":"publish","type":"page","link":"https:\/\/sedirelyon.fr\/lesdiaconessesdurocher\/diaconat-2016\/creation-diaconat-feminin\/","title":{"rendered":"Cr\u00e9ation du diaconat f\u00e9minin 12 mai 2016"},"content":{"rendered":"<p><strong>Le Pape Fran\u00e7ois pr\u00eat \u00e0 cr\u00e9er une commission d&rsquo;\u00e9tude sur le diaconat f\u00e9minin<\/strong><\/p>\n<p>Le Pape Fran\u00e7ois face aux sup\u00e9rieures g\u00e9n\u00e9rales, le 12 mai. &#8211; AP<\/p>\n<p>(RV) Une commission pour \u00e9tudier la question d\u2019un diaconat f\u00e9minin: telle est l\u2019annonce faite par le Pape Fran\u00e7ois ce jeudi. Le Saint-P\u00e8re recevait les responsables de l\u2019UISG, l\u2019Union internationale des sup\u00e9rieures g\u00e9n\u00e9rales actuellement r\u00e9unies \u00e0 Rome en assembl\u00e9e pl\u00e9ni\u00e8re. Il les a aussi invit\u00e9es \u00e0 \u00e9viter les \u00e9cueils d\u2019un \u00ab\u00a0f\u00e9minisme\u00a0\u00bb et d\u2019une \u00ab\u00a0servitude\u00a0\u00bb mal compris, qui se substitueraient \u00e0 un service v\u00e9ritable.<\/p>\n<p>Comme il en l\u2019a l\u2019habitude, le Pape a \u00e9chang\u00e9 avec son auditoire sous forme d\u2019un questions-r\u00e9ponses. Un \u00e9change direct sur des points tr\u00e8s pr\u00e9cis qui concernent l\u2019engagement des religieuses consacr\u00e9es dans le monde et la vie de l\u2019Eglise.<\/p>\n<p>Le Pape est tout d\u2019abord revenu sur le regard f\u00e9minin sur l\u2019Eglise, se disant d\u2019accord pour une plus grande repr\u00e9sentation des femmes dans des postes de responsabilit\u00e9, dans les cas o\u00f9 ces fonctions n\u2019auraient pas de lien avec le sacrement de l\u2019ordre. Le regard d\u2019une femme peut \u00eatre un enrichissement quand une d\u00e9cision doit \u00eatre \u00e9labor\u00e9e a-t-il dit.<\/p>\n<p>Compte tenu de leur engagement d\u00e9j\u00e0 fort aupr\u00e8s des pauvres ou des malades, ou encore dans la cat\u00e9ch\u00e8se, des religieuses ont pos\u00e9 la question de l\u2019ouverture aux femmes \u00e0 un diaconat permanent, en r\u00e9f\u00e9rence \u00e0 l\u2019Eglise primitive. Le Pape a ainsi rappel\u00e9 que l\u2019antique r\u00f4le des diaconesses n\u2019avait jamais \u00e9t\u00e9 vraiment clarifi\u00e9, et s\u2019est dit ouvert \u00e0 la cr\u00e9ation d\u2019une commission d\u2019\u00e9tude de cette question.<\/p>\n<p><strong>Pour une meilleur repr\u00e9sentation des femmes<\/strong><\/p>\n<p>Les consacr\u00e9es ont aussi demand\u00e9 la possibilit\u00e9 au Pape de pouvoir dire l\u2019hom\u00e9lie pendant la messe. Le Saint-P\u00e8re a tenu \u00e0 faire la distinction entre la pr\u00e9dication tenue lors d\u2019une liturgie de la Parole, qui peut \u00eatre assur\u00e9e sans difficult\u00e9 par une femme ou un la\u00efc, de la liturgie eucharistique, o\u00f9 l\u2019hom\u00e9lie est intrins\u00e8quement li\u00e9e \u00e0 la pr\u00e9sidence de la c\u00e9l\u00e9bration, propre au sacerdoce. Le Souverain Pontife a souhait\u00e9 mettre en garde contre deux tentations\u00a0: celle du f\u00e9minisme -parce que la femme vit dans l\u2019Eglise avec sa haute dignit\u00e9 de baptis\u00e9e- et celle, tant de fois stigmatis\u00e9e du cl\u00e9ricalisme, qui se v\u00e9rifie quand les pr\u00eatres pr\u00e9tendent g\u00e9rer seuls leurs paroisses, sans stimuler la synodalit\u00e9 et la collaboration.<\/p>\n<p>Le Pape a souhait\u00e9 par ailleurs que les femmes soient mieux repr\u00e9sent\u00e9es au sein de la congr\u00e9gation pour les instituts de vie consacr\u00e9s et soci\u00e9t\u00e9s de vie apostolique, un dicast\u00e8re dans lequel toutes ces questions sont actuellement d\u00e9battues.<\/p>\n<p>Le service n\u2019est pas une servitude, a poursuivi Fran\u00e7ois dans son dialogue avec les religieuses, qui a rendu hommage \u00e0 la \u00ab\u00a0maternit\u00e9\u00a0\u00bb de nombreuses religieuses dans leur service des plus marginalis\u00e9s, mais d\u00e9nonc\u00e9 certains cas o\u00f9 ce service n\u2019\u00e9tait r\u00e9duit qu\u2019\u00e0 une activit\u00e9 servile \u00e0 destination d\u2019une paroisse, d\u2019un presbyt\u00e8re.<\/p>\n<p><strong>La tentation de se \u00ab\u00a0momifier\u00a0\u00bb<\/strong><\/p>\n<p>Concernant les blocages de nature canonique qui regardent la r\u00e9forme des Congr\u00e9gations et Instituts, le Pape s\u2019est dit pr\u00eat \u00e0 apporter des petites modifications juridiques mais a tenu \u00e0 pr\u00e9ciser que ces modifications ne sauraient qu\u2019\u00eatre le r\u00e9sultat d\u2019un discernement approfondi de la part des autorit\u00e9s comp\u00e9tentes.<\/p>\n<p>La question des v\u0153ux perp\u00e9tuels et de l\u2019engagement pour la vie, qui fait peur \u00e0 de nombreux jeunes, a \u00e9galement \u00e9t\u00e9 soulev\u00e9e par les religieuses. Le Saint-P\u00e8re a \u00e9voqu\u00e9 Amoris Laetitia sur la pr\u00e9paration des fianc\u00e9s au mariage, et \u00e9voqu\u00e9 l\u2019exemple de Saint Vicent de Paul qui avait opt\u00e9 pour la voie de v\u0153ux temporaires.<\/p>\n<p>Toute consacr\u00e9 doit avoir une vie mystique, a affirm\u00e9 Fran\u00e7ois, mettant en garde la tentation d\u2019\u00eatre de se \u00ab\u00a0momifier\u00a0\u00bb\u00a0: le charisme demande de service malgr\u00e9 les mauvaises langues ou les calomnies, ceux qui voient en certaines religieuses des \u00ab\u00a0activistes sociales\u00a0\u00bb.<\/p>\n<p>Fran\u00e7ois a enfin achev\u00e9 cet \u00e9change en rappelant aux consacr\u00e9es l\u2019importance de savoir se reposer, et de ne jamais n\u00e9gliger l\u2019\u00e9change avec les s\u0153urs plus \u00e2g\u00e9es ou malades, ce sont elles la m\u00e9moire des instituts et congr\u00e9gations, avec leur exp\u00e9rience et leur sagesse a-t-il conclu. (OB)<\/p>\n","protected":false},"excerpt":{"rendered":"<p>Le Pape Fran\u00e7ois pr\u00eat \u00e0 cr\u00e9er une commission d&rsquo;\u00e9tude sur le diaconat f\u00e9minin Le Pape Fran\u00e7ois face aux sup\u00e9rieures g\u00e9n\u00e9rales, le 12 mai. &#8211; AP (RV) Une commission pour \u00e9tudier la question d\u2019un diaconat f\u00e9minin: telle est l\u2019annonce faite par le Pape Fran\u00e7ois ce jeudi. Le Saint-P\u00e8re recevait les responsables de l\u2019UISG, l\u2019Union internationale des &hellip; <a href=\"https:\/\/sedirelyon.fr\/lesdiaconessesdurocher\/diaconat-2016\/creation-diaconat-feminin\/\" class=\"more-link\">Continuer la lecture<span class=\"screen-reader-text\"> de &laquo;&nbsp;Cr\u00e9ation du diaconat f\u00e9minin 12 mai 2016&nbsp;&raquo;<\/span><\/a><\/p>\n","protected":false},"author":1,"featured_media":0,"parent":151,"menu_order":0,"comment_status":"closed","ping_status":"closed","template":"","meta":{"jetpack_post_was_ever_published":false,"footnotes":""},"class_list":["post-149","page","type-page","status-publish","hentry"],"yoast_head":"<!-- This site is optimized with the Yoast SEO plugin v27.4 - https:\/\/yoast.com\/product\/yoast-seo-wordpress\/ -->\n<title>Cr\u00e9ation du diaconat f\u00e9minin 12 mai 2016 - Les Diaconesses du Rocher<\/title>\n<meta name=\"robots\" content=\"index, follow, max-snippet:-1, max-image-preview:large, max-video-preview:-1\" \/>\n<link rel=\"canonical\" href=\"http:\/\/sedirelyon.fr\/lesdiaconessesdurocher\/diaconat-2016\/creation-diaconat-feminin\/\" \/>\n<meta property=\"og:locale\" content=\"fr_FR\" \/>\n<meta property=\"og:type\" content=\"article\" \/>\n<meta property=\"og:title\" content=\"Cr\u00e9ation du diaconat f\u00e9minin 12 mai 2016 - Les Diaconesses du Rocher\" \/>\n<meta property=\"og:description\" content=\"Le Pape Fran\u00e7ois pr\u00eat \u00e0 cr\u00e9er une commission d&rsquo;\u00e9tude sur le diaconat f\u00e9minin Le Pape Fran\u00e7ois face aux sup\u00e9rieures g\u00e9n\u00e9rales, le 12 mai. &#8211; AP (RV) Une commission pour \u00e9tudier la question d\u2019un diaconat f\u00e9minin: telle est l\u2019annonce faite par le Pape Fran\u00e7ois ce jeudi. Le Saint-P\u00e8re recevait les responsables de l\u2019UISG, l\u2019Union internationale des &hellip; Continuer la lecture de &laquo;&nbsp;Cr\u00e9ation du diaconat f\u00e9minin 12 mai 2016&nbsp;&raquo;\" \/>\n<meta property=\"og:url\" content=\"http:\/\/sedirelyon.fr\/lesdiaconessesdurocher\/diaconat-2016\/creation-diaconat-feminin\/\" \/>\n<meta property=\"og:site_name\" content=\"Les Diaconesses du Rocher\" \/>\n<meta property=\"article:modified_time\" content=\"2016-05-16T16:32:52+00:00\" \/>\n<meta name=\"twitter:card\" content=\"summary_large_image\" \/>\n<meta name=\"twitter:label1\" content=\"Dur\u00e9e de lecture estim\u00e9e\" \/>\n\t<meta name=\"twitter:data1\" content=\"4 minutes\" \/>\n<script type=\"application\/ld+json\" class=\"yoast-schema-graph\">{\"@context\":\"https:\\\/\\\/schema.org\",\"@graph\":[{\"@type\":\"WebPage\",\"@id\":\"http:\\\/\\\/sedirelyon.fr\\\/lesdiaconessesdurocher\\\/diaconat-2016\\\/creation-diaconat-feminin\\\/\",\"url\":\"http:\\\/\\\/sedirelyon.fr\\\/lesdiaconessesdurocher\\\/diaconat-2016\\\/creation-diaconat-feminin\\\/\",\"name\":\"Cr\u00e9ation du diaconat f\u00e9minin 12 mai 2016 - Les Diaconesses du Rocher\",\"isPartOf\":{\"@id\":\"https:\\\/\\\/sedirelyon.fr\\\/lesdiaconessesdurocher\\\/#website\"},\"datePublished\":\"2016-05-16T16:25:20+00:00\",\"dateModified\":\"2016-05-16T16:32:52+00:00\",\"breadcrumb\":{\"@id\":\"http:\\\/\\\/sedirelyon.fr\\\/lesdiaconessesdurocher\\\/diaconat-2016\\\/creation-diaconat-feminin\\\/#breadcrumb\"},\"inLanguage\":\"fr-FR\",\"potentialAction\":[{\"@type\":\"ReadAction\",\"target\":[\"http:\\\/\\\/sedirelyon.fr\\\/lesdiaconessesdurocher\\\/diaconat-2016\\\/creation-diaconat-feminin\\\/\"]}]},{\"@type\":\"BreadcrumbList\",\"@id\":\"http:\\\/\\\/sedirelyon.fr\\\/lesdiaconessesdurocher\\\/diaconat-2016\\\/creation-diaconat-feminin\\\/#breadcrumb\",\"itemListElement\":[{\"@type\":\"ListItem\",\"position\":1,\"name\":\"Accueil\",\"item\":\"https:\\\/\\\/sedirelyon.fr\\\/lesdiaconessesdurocher\\\/\"},{\"@type\":\"ListItem\",\"position\":2,\"name\":\"Diaconat 2016\",\"item\":\"http:\\\/\\\/sedirelyon.fr\\\/lesdiaconessesdurocher\\\/diaconat-2016\\\/\"},{\"@type\":\"ListItem\",\"position\":3,\"name\":\"Cr\u00e9ation du diaconat f\u00e9minin 12 mai 2016\"}]},{\"@type\":\"WebSite\",\"@id\":\"https:\\\/\\\/sedirelyon.fr\\\/lesdiaconessesdurocher\\\/#website\",\"url\":\"https:\\\/\\\/sedirelyon.fr\\\/lesdiaconessesdurocher\\\/\",\"name\":\"Les Diaconesses du Rocher\",\"description\":\"des femmes dans l&#039;Eglise\",\"potentialAction\":[{\"@type\":\"SearchAction\",\"target\":{\"@type\":\"EntryPoint\",\"urlTemplate\":\"https:\\\/\\\/sedirelyon.fr\\\/lesdiaconessesdurocher\\\/?s={search_term_string}\"},\"query-input\":{\"@type\":\"PropertyValueSpecification\",\"valueRequired\":true,\"valueName\":\"search_term_string\"}}],\"inLanguage\":\"fr-FR\"}]}<\/script>\n<!-- \/ Yoast SEO plugin. -->","yoast_head_json":{"title":"Cr\u00e9ation du diaconat f\u00e9minin 12 mai 2016 - Les Diaconesses du Rocher","robots":{"index":"index","follow":"follow","max-snippet":"max-snippet:-1","max-image-preview":"max-image-preview:large","max-video-preview":"max-video-preview:-1"},"canonical":"http:\/\/sedirelyon.fr\/lesdiaconessesdurocher\/diaconat-2016\/creation-diaconat-feminin\/","og_locale":"fr_FR","og_type":"article","og_title":"Cr\u00e9ation du diaconat f\u00e9minin 12 mai 2016 - Les Diaconesses du Rocher","og_description":"Le Pape Fran\u00e7ois pr\u00eat \u00e0 cr\u00e9er une commission d&rsquo;\u00e9tude sur le diaconat f\u00e9minin Le Pape Fran\u00e7ois face aux sup\u00e9rieures g\u00e9n\u00e9rales, le 12 mai. &#8211; AP (RV) Une commission pour \u00e9tudier la question d\u2019un diaconat f\u00e9minin: telle est l\u2019annonce faite par le Pape Fran\u00e7ois ce jeudi. Le Saint-P\u00e8re recevait les responsables de l\u2019UISG, l\u2019Union internationale des &hellip; Continuer la lecture de &laquo;&nbsp;Cr\u00e9ation du diaconat f\u00e9minin 12 mai 2016&nbsp;&raquo;","og_url":"http:\/\/sedirelyon.fr\/lesdiaconessesdurocher\/diaconat-2016\/creation-diaconat-feminin\/","og_site_name":"Les Diaconesses du Rocher","article_modified_time":"2016-05-16T16:32:52+00:00","twitter_card":"summary_large_image","twitter_misc":{"Dur\u00e9e de lecture estim\u00e9e":"4 minutes"},"schema":{"@context":"https:\/\/schema.org","@graph":[{"@type":"WebPage","@id":"http:\/\/sedirelyon.fr\/lesdiaconessesdurocher\/diaconat-2016\/creation-diaconat-feminin\/","url":"http:\/\/sedirelyon.fr\/lesdiaconessesdurocher\/diaconat-2016\/creation-diaconat-feminin\/","name":"Cr\u00e9ation du diaconat f\u00e9minin 12 mai 2016 - Les Diaconesses du Rocher","isPartOf":{"@id":"https:\/\/sedirelyon.fr\/lesdiaconessesdurocher\/#website"},"datePublished":"2016-05-16T16:25:20+00:00","dateModified":"2016-05-16T16:32:52+00:00","breadcrumb":{"@id":"http:\/\/sedirelyon.fr\/lesdiaconessesdurocher\/diaconat-2016\/creation-diaconat-feminin\/#breadcrumb"},"inLanguage":"fr-FR","potentialAction":[{"@type":"ReadAction","target":["http:\/\/sedirelyon.fr\/lesdiaconessesdurocher\/diaconat-2016\/creation-diaconat-feminin\/"]}]},{"@type":"BreadcrumbList","@id":"http:\/\/sedirelyon.fr\/lesdiaconessesdurocher\/diaconat-2016\/creation-diaconat-feminin\/#breadcrumb","itemListElement":[{"@type":"ListItem","position":1,"name":"Accueil","item":"https:\/\/sedirelyon.fr\/lesdiaconessesdurocher\/"},{"@type":"ListItem","position":2,"name":"Diaconat 2016","item":"http:\/\/sedirelyon.fr\/lesdiaconessesdurocher\/diaconat-2016\/"},{"@type":"ListItem","position":3,"name":"Cr\u00e9ation du diaconat f\u00e9minin 12 mai 2016"}]},{"@type":"WebSite","@id":"https:\/\/sedirelyon.fr\/lesdiaconessesdurocher\/#website","url":"https:\/\/sedirelyon.fr\/lesdiaconessesdurocher\/","name":"Les Diaconesses du Rocher","description":"des femmes dans l&#039;Eglise","potentialAction":[{"@type":"SearchAction","target":{"@type":"EntryPoint","urlTemplate":"https:\/\/sedirelyon.fr\/lesdiaconessesdurocher\/?s={search_term_string}"},"query-input":{"@type":"PropertyValueSpecification","valueRequired":true,"valueName":"search_term_string"}}],"inLanguage":"fr-FR"}]}},"jetpack_sharing_enabled":true,"jetpack_shortlink":"https:\/\/wp.me\/P7xNTI-2p","jetpack-related-posts":[],"_links":{"self":[{"href":"https:\/\/sedirelyon.fr\/lesdiaconessesdurocher\/wp-json\/wp\/v2\/pages\/149","targetHints":{"allow":["GET"]}}],"collection":[{"href":"https:\/\/sedirelyon.fr\/lesdiaconessesdurocher\/wp-json\/wp\/v2\/pages"}],"about":[{"href":"https:\/\/sedirelyon.fr\/lesdiaconessesdurocher\/wp-json\/wp\/v2\/types\/page"}],"author":[{"embeddable":true,"href":"https:\/\/sedirelyon.fr\/lesdiaconessesdurocher\/wp-json\/wp\/v2\/users\/1"}],"replies":[{"embeddable":true,"href":"https:\/\/sedirelyon.fr\/lesdiaconessesdurocher\/wp-json\/wp\/v2\/comments?post=149"}],"version-history":[{"count":1,"href":"https:\/\/sedirelyon.fr\/lesdiaconessesdurocher\/wp-json\/wp\/v2\/pages\/149\/revisions"}],"predecessor-version":[{"id":150,"href":"https:\/\/sedirelyon.fr\/lesdiaconessesdurocher\/wp-json\/wp\/v2\/pages\/149\/revisions\/150"}],"up":[{"embeddable":true,"href":"https:\/\/sedirelyon.fr\/lesdiaconessesdurocher\/wp-json\/wp\/v2\/pages\/151"}],"wp:attachment":[{"href":"https:\/\/sedirelyon.fr\/lesdiaconessesdurocher\/wp-json\/wp\/v2\/media?parent=149"}],"curies":[{"name":"wp","href":"https:\/\/api.w.org\/{rel}","templated":true}]}}