{"id":15,"date":"2016-02-15T18:05:46","date_gmt":"2016-02-15T17:05:46","guid":{"rendered":"http:\/\/sedirelyon.fr\/lesdiaconessesdurocher\/?page_id=15"},"modified":"2016-02-21T21:24:28","modified_gmt":"2016-02-21T20:24:28","slug":"ecrits-sur-les-femmes","status":"publish","type":"page","link":"https:\/\/sedirelyon.fr\/lesdiaconessesdurocher\/ecrits-sur-les-femmes\/","title":{"rendered":"Ecrits sur les femmes"},"content":{"rendered":"<p>Nous essayons de r\u00e9unir quelques \u00e9crits, livres ou interventions sur \u00a0\u00bb la femme\u00a0\u00bb ou \u00ab\u00a0les femmes\u00a0\u00bb et plus particuli\u00e8rement dans l&rsquo;Eglise. c&rsquo;est \u00e9videment loin d&rsquo;\u00eatre exhaustif, on va essayer d&rsquo;ordonner un peu tout ce que les unes ou les autres d\u00e9nichent.<\/p>\n<p><img data-recalc-dims=\"1\" loading=\"lazy\" decoding=\"async\" data-attachment-id=\"17\" data-permalink=\"https:\/\/sedirelyon.fr\/lesdiaconessesdurocher\/ecrits-sur-les-femmes\/livre-11-femmes\/\" data-orig-file=\"https:\/\/i0.wp.com\/sedirelyon.fr\/lesdiaconessesdurocher\/wp-content\/uploads\/sites\/2\/2016\/02\/livre-11-femmes.jpg?fit=197%2C267&amp;ssl=1\" data-orig-size=\"197,267\" data-comments-opened=\"1\" data-image-meta=\"{&quot;aperture&quot;:&quot;0&quot;,&quot;credit&quot;:&quot;Christian&quot;,&quot;camera&quot;:&quot;&quot;,&quot;caption&quot;:&quot;&quot;,&quot;created_timestamp&quot;:&quot;1455558861&quot;,&quot;copyright&quot;:&quot;&quot;,&quot;focal_length&quot;:&quot;0&quot;,&quot;iso&quot;:&quot;0&quot;,&quot;shutter_speed&quot;:&quot;0&quot;,&quot;title&quot;:&quot;&quot;,&quot;orientation&quot;:&quot;0&quot;}\" data-image-title=\"livre 11 femmes\" data-image-description=\"\" data-image-caption=\"\" data-medium-file=\"https:\/\/i0.wp.com\/sedirelyon.fr\/lesdiaconessesdurocher\/wp-content\/uploads\/sites\/2\/2016\/02\/livre-11-femmes.jpg?fit=197%2C267&amp;ssl=1\" data-large-file=\"https:\/\/i0.wp.com\/sedirelyon.fr\/lesdiaconessesdurocher\/wp-content\/uploads\/sites\/2\/2016\/02\/livre-11-femmes.jpg?fit=197%2C267&amp;ssl=1\" class=\"size-thumbnail wp-image-17 alignleft\" src=\"https:\/\/i0.wp.com\/sedirelyon.fr\/lesdiaconessesdurocher\/wp-content\/uploads\/sites\/2\/2016\/02\/livre-11-femmes.jpg?resize=150%2C150&#038;ssl=1\" alt=\"livre 11 femmes\" width=\"150\" height=\"150\" \/>Nous allons travailler sur le livre de Mazenod et en allant chercher le titre, je suis tomb\u00e9 sur le site de la maison d\u00a0\u00bb\u00e9dition qui l&rsquo;a fait paraitre , \u00a0\u00bb Salvatore\u00a0\u00bb et je ne r\u00e9siste pas \u00e0 vous mettre leur engagement et<\/p>\n<p>On peut trouver ceci, qui rejoint aussi notre approche<\/p>\n<p class=\"PageStatique\"><em>Salvator\u00a0 publie des livres pour permettre \u00e0 ses lecteurs d&rsquo;approfondir leur recherche intellectuelle et spirituelle. Pour \u00e9clairer leurs choix de vie dans une perspective chr\u00e9tienne et dans un esprit de dialogue, de respect et d&rsquo;ouverture \u00e0 la diff\u00e9rence des croyances et des cultures. Salvator veut faire conna\u00eetre la diff\u00e9rence et l&rsquo;esp\u00e9rance chr\u00e9tiennes comme chemin de vie pour les hommes et les femmes de notre \u00e9poque.<\/em><\/p>\n<p class=\"PageStatique\"><em>Salvator, depuis sa fondation en 1924, et plus que jamais aujourd\u2019hui, propose au grand-public francophone des livres d\u2019intelligence de la foi chr\u00e9tienne et de compr\u00e9hension du message de l\u2019Eglise pour la soci\u00e9t\u00e9 contemporaine.<\/em><br \/>\n<em>Dans un temps o\u00f9 la plupart recherchent un sens \u00e0 leur vie, Salvator donne \u00e0 ses lecteurs l\u2019occasion de conna\u00eetre Le Christ\u00a0 et l\u2019Eglise. Dans cette mesure, Salvator offre plut\u00f4t, une invitation \u00e0 vivre dans le sillage de J\u00e9sus pleinement Homme et pleinement Dieu.<\/em><br \/>\n<em>Notre mission est donc de faire conna\u00eetre en quoi la R\u00e9v\u00e9lation de Dieu dans notre histoire change radicalement le go\u00fbt et la finalit\u00e9 de la vie enti\u00e8re.<\/em><\/p>\n<p class=\"PageStatique\">bonne lecture&#8230;<\/p>\n<p class=\"PageStatique\"><img data-recalc-dims=\"1\" loading=\"lazy\" decoding=\"async\" data-attachment-id=\"114\" data-permalink=\"https:\/\/sedirelyon.fr\/lesdiaconessesdurocher\/ecrits-sur-les-femmes\/diaconesse-chinoise\/\" data-orig-file=\"https:\/\/i0.wp.com\/sedirelyon.fr\/lesdiaconessesdurocher\/wp-content\/uploads\/sites\/2\/2016\/02\/diaconesse-chinoise.jpg?fit=672%2C1164&amp;ssl=1\" data-orig-size=\"672,1164\" data-comments-opened=\"1\" data-image-meta=\"{&quot;aperture&quot;:&quot;0&quot;,&quot;credit&quot;:&quot;&quot;,&quot;camera&quot;:&quot;&quot;,&quot;caption&quot;:&quot;&quot;,&quot;created_timestamp&quot;:&quot;0&quot;,&quot;copyright&quot;:&quot;&quot;,&quot;focal_length&quot;:&quot;0&quot;,&quot;iso&quot;:&quot;0&quot;,&quot;shutter_speed&quot;:&quot;0&quot;,&quot;title&quot;:&quot;&quot;,&quot;orientation&quot;:&quot;0&quot;}\" data-image-title=\"diaconesse chinoise\" data-image-description=\"\" data-image-caption=\"\" data-medium-file=\"https:\/\/i0.wp.com\/sedirelyon.fr\/lesdiaconessesdurocher\/wp-content\/uploads\/sites\/2\/2016\/02\/diaconesse-chinoise.jpg?fit=173%2C300&amp;ssl=1\" data-large-file=\"https:\/\/i0.wp.com\/sedirelyon.fr\/lesdiaconessesdurocher\/wp-content\/uploads\/sites\/2\/2016\/02\/diaconesse-chinoise.jpg?fit=591%2C1024&amp;ssl=1\" class=\"aligncenter wp-image-114 size-medium\" src=\"https:\/\/i0.wp.com\/sedirelyon.fr\/lesdiaconessesdurocher\/wp-content\/uploads\/sites\/2\/2016\/02\/diaconesse-chinoise.jpg?resize=173%2C300&#038;ssl=1\" alt=\"diaconesse chinoise\" width=\"173\" height=\"300\" srcset=\"https:\/\/i0.wp.com\/sedirelyon.fr\/lesdiaconessesdurocher\/wp-content\/uploads\/sites\/2\/2016\/02\/diaconesse-chinoise.jpg?resize=173%2C300&amp;ssl=1 173w, https:\/\/i0.wp.com\/sedirelyon.fr\/lesdiaconessesdurocher\/wp-content\/uploads\/sites\/2\/2016\/02\/diaconesse-chinoise.jpg?resize=591%2C1024&amp;ssl=1 591w, https:\/\/i0.wp.com\/sedirelyon.fr\/lesdiaconessesdurocher\/wp-content\/uploads\/sites\/2\/2016\/02\/diaconesse-chinoise.jpg?w=672&amp;ssl=1 672w\" sizes=\"auto, (max-width: 173px) 85vw, 173px\" \/><\/p>\n<p>&nbsp;<\/p>\n","protected":false},"excerpt":{"rendered":"<p>Nous essayons de r\u00e9unir quelques \u00e9crits, livres ou interventions sur \u00a0\u00bb la femme\u00a0\u00bb ou \u00ab\u00a0les femmes\u00a0\u00bb et plus particuli\u00e8rement dans l&rsquo;Eglise. c&rsquo;est \u00e9videment loin d&rsquo;\u00eatre exhaustif, on va essayer d&rsquo;ordonner un peu tout ce que les unes ou les autres d\u00e9nichent. Nous allons travailler sur le livre de Mazenod et en allant chercher le titre, &hellip; <a href=\"https:\/\/sedirelyon.fr\/lesdiaconessesdurocher\/ecrits-sur-les-femmes\/\" class=\"more-link\">Continuer la lecture<span class=\"screen-reader-text\"> de &laquo;&nbsp;Ecrits sur les femmes&nbsp;&raquo;<\/span><\/a><\/p>\n","protected":false},"author":1,"featured_media":0,"parent":0,"menu_order":0,"comment_status":"closed","ping_status":"closed","template":"","meta":{"jetpack_post_was_ever_published":false,"footnotes":""},"class_list":["post-15","page","type-page","status-publish","hentry"],"yoast_head":"<!-- This site is optimized with the Yoast SEO plugin v27.4 - https:\/\/yoast.com\/product\/yoast-seo-wordpress\/ -->\n<title>Ecrits sur les femmes - Les Diaconesses du Rocher<\/title>\n<meta name=\"robots\" content=\"index, follow, max-snippet:-1, max-image-preview:large, max-video-preview:-1\" \/>\n<link rel=\"canonical\" href=\"https:\/\/sedirelyon.fr\/lesdiaconessesdurocher\/ecrits-sur-les-femmes\/\" \/>\n<meta property=\"og:locale\" content=\"fr_FR\" \/>\n<meta property=\"og:type\" content=\"article\" \/>\n<meta property=\"og:title\" content=\"Ecrits sur les femmes - Les Diaconesses du Rocher\" \/>\n<meta property=\"og:description\" content=\"Nous essayons de r\u00e9unir quelques \u00e9crits, livres ou interventions sur \u00a0\u00bb la femme\u00a0\u00bb ou \u00ab\u00a0les femmes\u00a0\u00bb et plus particuli\u00e8rement dans l&rsquo;Eglise. c&rsquo;est \u00e9videment loin d&rsquo;\u00eatre exhaustif, on va essayer d&rsquo;ordonner un peu tout ce que les unes ou les autres d\u00e9nichent. Nous allons travailler sur le livre de Mazenod et en allant chercher le titre, &hellip; Continuer la lecture de &laquo;&nbsp;Ecrits sur les femmes&nbsp;&raquo;\" \/>\n<meta property=\"og:url\" content=\"https:\/\/sedirelyon.fr\/lesdiaconessesdurocher\/ecrits-sur-les-femmes\/\" \/>\n<meta property=\"og:site_name\" content=\"Les Diaconesses du Rocher\" \/>\n<meta property=\"article:modified_time\" content=\"2016-02-21T20:24:28+00:00\" \/>\n<meta property=\"og:image\" content=\"http:\/\/sedirelyon.fr\/lesdiaconessesdurocher\/wp-content\/uploads\/sites\/2\/2016\/02\/livre-11-femmes-150x150.jpg\" \/>\n<meta name=\"twitter:card\" content=\"summary_large_image\" \/>\n<meta name=\"twitter:label1\" content=\"Dur\u00e9e de lecture estim\u00e9e\" \/>\n\t<meta name=\"twitter:data1\" content=\"1 minute\" \/>\n<script type=\"application\/ld+json\" class=\"yoast-schema-graph\">{\"@context\":\"https:\\\/\\\/schema.org\",\"@graph\":[{\"@type\":\"WebPage\",\"@id\":\"https:\\\/\\\/sedirelyon.fr\\\/lesdiaconessesdurocher\\\/ecrits-sur-les-femmes\\\/\",\"url\":\"https:\\\/\\\/sedirelyon.fr\\\/lesdiaconessesdurocher\\\/ecrits-sur-les-femmes\\\/\",\"name\":\"Ecrits sur les femmes - Les Diaconesses du Rocher\",\"isPartOf\":{\"@id\":\"https:\\\/\\\/sedirelyon.fr\\\/lesdiaconessesdurocher\\\/#website\"},\"primaryImageOfPage\":{\"@id\":\"https:\\\/\\\/sedirelyon.fr\\\/lesdiaconessesdurocher\\\/ecrits-sur-les-femmes\\\/#primaryimage\"},\"image\":{\"@id\":\"https:\\\/\\\/sedirelyon.fr\\\/lesdiaconessesdurocher\\\/ecrits-sur-les-femmes\\\/#primaryimage\"},\"thumbnailUrl\":\"https:\\\/\\\/sedirelyon.fr\\\/lesdiaconessesdurocher\\\/wp-content\\\/uploads\\\/sites\\\/2\\\/2016\\\/02\\\/livre-11-femmes-150x150.jpg\",\"datePublished\":\"2016-02-15T17:05:46+00:00\",\"dateModified\":\"2016-02-21T20:24:28+00:00\",\"breadcrumb\":{\"@id\":\"https:\\\/\\\/sedirelyon.fr\\\/lesdiaconessesdurocher\\\/ecrits-sur-les-femmes\\\/#breadcrumb\"},\"inLanguage\":\"fr-FR\",\"potentialAction\":[{\"@type\":\"ReadAction\",\"target\":[\"https:\\\/\\\/sedirelyon.fr\\\/lesdiaconessesdurocher\\\/ecrits-sur-les-femmes\\\/\"]}]},{\"@type\":\"ImageObject\",\"inLanguage\":\"fr-FR\",\"@id\":\"https:\\\/\\\/sedirelyon.fr\\\/lesdiaconessesdurocher\\\/ecrits-sur-les-femmes\\\/#primaryimage\",\"url\":\"https:\\\/\\\/i0.wp.com\\\/sedirelyon.fr\\\/lesdiaconessesdurocher\\\/wp-content\\\/uploads\\\/sites\\\/2\\\/2016\\\/02\\\/livre-11-femmes.jpg?fit=197%2C267&ssl=1\",\"contentUrl\":\"https:\\\/\\\/i0.wp.com\\\/sedirelyon.fr\\\/lesdiaconessesdurocher\\\/wp-content\\\/uploads\\\/sites\\\/2\\\/2016\\\/02\\\/livre-11-femmes.jpg?fit=197%2C267&ssl=1\",\"width\":197,\"height\":267},{\"@type\":\"BreadcrumbList\",\"@id\":\"https:\\\/\\\/sedirelyon.fr\\\/lesdiaconessesdurocher\\\/ecrits-sur-les-femmes\\\/#breadcrumb\",\"itemListElement\":[{\"@type\":\"ListItem\",\"position\":1,\"name\":\"Accueil\",\"item\":\"https:\\\/\\\/sedirelyon.fr\\\/lesdiaconessesdurocher\\\/\"},{\"@type\":\"ListItem\",\"position\":2,\"name\":\"Ecrits sur les femmes\"}]},{\"@type\":\"WebSite\",\"@id\":\"https:\\\/\\\/sedirelyon.fr\\\/lesdiaconessesdurocher\\\/#website\",\"url\":\"https:\\\/\\\/sedirelyon.fr\\\/lesdiaconessesdurocher\\\/\",\"name\":\"Les Diaconesses du Rocher\",\"description\":\"des femmes dans l&#039;Eglise\",\"potentialAction\":[{\"@type\":\"SearchAction\",\"target\":{\"@type\":\"EntryPoint\",\"urlTemplate\":\"https:\\\/\\\/sedirelyon.fr\\\/lesdiaconessesdurocher\\\/?s={search_term_string}\"},\"query-input\":{\"@type\":\"PropertyValueSpecification\",\"valueRequired\":true,\"valueName\":\"search_term_string\"}}],\"inLanguage\":\"fr-FR\"}]}<\/script>\n<!-- \/ Yoast SEO plugin. -->","yoast_head_json":{"title":"Ecrits sur les femmes - Les Diaconesses du Rocher","robots":{"index":"index","follow":"follow","max-snippet":"max-snippet:-1","max-image-preview":"max-image-preview:large","max-video-preview":"max-video-preview:-1"},"canonical":"https:\/\/sedirelyon.fr\/lesdiaconessesdurocher\/ecrits-sur-les-femmes\/","og_locale":"fr_FR","og_type":"article","og_title":"Ecrits sur les femmes - Les Diaconesses du Rocher","og_description":"Nous essayons de r\u00e9unir quelques \u00e9crits, livres ou interventions sur \u00a0\u00bb la femme\u00a0\u00bb ou \u00ab\u00a0les femmes\u00a0\u00bb et plus particuli\u00e8rement dans l&rsquo;Eglise. c&rsquo;est \u00e9videment loin d&rsquo;\u00eatre exhaustif, on va essayer d&rsquo;ordonner un peu tout ce que les unes ou les autres d\u00e9nichent. Nous allons travailler sur le livre de Mazenod et en allant chercher le titre, &hellip; Continuer la lecture de &laquo;&nbsp;Ecrits sur les femmes&nbsp;&raquo;","og_url":"https:\/\/sedirelyon.fr\/lesdiaconessesdurocher\/ecrits-sur-les-femmes\/","og_site_name":"Les Diaconesses du Rocher","article_modified_time":"2016-02-21T20:24:28+00:00","og_image":[{"url":"http:\/\/sedirelyon.fr\/lesdiaconessesdurocher\/wp-content\/uploads\/sites\/2\/2016\/02\/livre-11-femmes-150x150.jpg","type":"","width":"","height":""}],"twitter_card":"summary_large_image","twitter_misc":{"Dur\u00e9e de lecture estim\u00e9e":"1 minute"},"schema":{"@context":"https:\/\/schema.org","@graph":[{"@type":"WebPage","@id":"https:\/\/sedirelyon.fr\/lesdiaconessesdurocher\/ecrits-sur-les-femmes\/","url":"https:\/\/sedirelyon.fr\/lesdiaconessesdurocher\/ecrits-sur-les-femmes\/","name":"Ecrits sur les femmes - Les Diaconesses du Rocher","isPartOf":{"@id":"https:\/\/sedirelyon.fr\/lesdiaconessesdurocher\/#website"},"primaryImageOfPage":{"@id":"https:\/\/sedirelyon.fr\/lesdiaconessesdurocher\/ecrits-sur-les-femmes\/#primaryimage"},"image":{"@id":"https:\/\/sedirelyon.fr\/lesdiaconessesdurocher\/ecrits-sur-les-femmes\/#primaryimage"},"thumbnailUrl":"https:\/\/sedirelyon.fr\/lesdiaconessesdurocher\/wp-content\/uploads\/sites\/2\/2016\/02\/livre-11-femmes-150x150.jpg","datePublished":"2016-02-15T17:05:46+00:00","dateModified":"2016-02-21T20:24:28+00:00","breadcrumb":{"@id":"https:\/\/sedirelyon.fr\/lesdiaconessesdurocher\/ecrits-sur-les-femmes\/#breadcrumb"},"inLanguage":"fr-FR","potentialAction":[{"@type":"ReadAction","target":["https:\/\/sedirelyon.fr\/lesdiaconessesdurocher\/ecrits-sur-les-femmes\/"]}]},{"@type":"ImageObject","inLanguage":"fr-FR","@id":"https:\/\/sedirelyon.fr\/lesdiaconessesdurocher\/ecrits-sur-les-femmes\/#primaryimage","url":"https:\/\/i0.wp.com\/sedirelyon.fr\/lesdiaconessesdurocher\/wp-content\/uploads\/sites\/2\/2016\/02\/livre-11-femmes.jpg?fit=197%2C267&ssl=1","contentUrl":"https:\/\/i0.wp.com\/sedirelyon.fr\/lesdiaconessesdurocher\/wp-content\/uploads\/sites\/2\/2016\/02\/livre-11-femmes.jpg?fit=197%2C267&ssl=1","width":197,"height":267},{"@type":"BreadcrumbList","@id":"https:\/\/sedirelyon.fr\/lesdiaconessesdurocher\/ecrits-sur-les-femmes\/#breadcrumb","itemListElement":[{"@type":"ListItem","position":1,"name":"Accueil","item":"https:\/\/sedirelyon.fr\/lesdiaconessesdurocher\/"},{"@type":"ListItem","position":2,"name":"Ecrits sur les femmes"}]},{"@type":"WebSite","@id":"https:\/\/sedirelyon.fr\/lesdiaconessesdurocher\/#website","url":"https:\/\/sedirelyon.fr\/lesdiaconessesdurocher\/","name":"Les Diaconesses du Rocher","description":"des femmes dans l&#039;Eglise","potentialAction":[{"@type":"SearchAction","target":{"@type":"EntryPoint","urlTemplate":"https:\/\/sedirelyon.fr\/lesdiaconessesdurocher\/?s={search_term_string}"},"query-input":{"@type":"PropertyValueSpecification","valueRequired":true,"valueName":"search_term_string"}}],"inLanguage":"fr-FR"}]}},"jetpack_sharing_enabled":true,"jetpack_shortlink":"https:\/\/wp.me\/P7xNTI-f","jetpack-related-posts":[],"_links":{"self":[{"href":"https:\/\/sedirelyon.fr\/lesdiaconessesdurocher\/wp-json\/wp\/v2\/pages\/15","targetHints":{"allow":["GET"]}}],"collection":[{"href":"https:\/\/sedirelyon.fr\/lesdiaconessesdurocher\/wp-json\/wp\/v2\/pages"}],"about":[{"href":"https:\/\/sedirelyon.fr\/lesdiaconessesdurocher\/wp-json\/wp\/v2\/types\/page"}],"author":[{"embeddable":true,"href":"https:\/\/sedirelyon.fr\/lesdiaconessesdurocher\/wp-json\/wp\/v2\/users\/1"}],"replies":[{"embeddable":true,"href":"https:\/\/sedirelyon.fr\/lesdiaconessesdurocher\/wp-json\/wp\/v2\/comments?post=15"}],"version-history":[{"count":4,"href":"https:\/\/sedirelyon.fr\/lesdiaconessesdurocher\/wp-json\/wp\/v2\/pages\/15\/revisions"}],"predecessor-version":[{"id":122,"href":"https:\/\/sedirelyon.fr\/lesdiaconessesdurocher\/wp-json\/wp\/v2\/pages\/15\/revisions\/122"}],"wp:attachment":[{"href":"https:\/\/sedirelyon.fr\/lesdiaconessesdurocher\/wp-json\/wp\/v2\/media?parent=15"}],"curies":[{"name":"wp","href":"https:\/\/api.w.org\/{rel}","templated":true}]}}