{"id":161,"date":"2016-05-16T17:45:40","date_gmt":"2016-05-16T16:45:40","guid":{"rendered":"http:\/\/sedirelyon.fr\/lesdiaconessesdurocher\/?page_id=161"},"modified":"2016-05-16T17:46:52","modified_gmt":"2016-05-16T16:46:52","slug":"article-12-mai","status":"publish","type":"page","link":"https:\/\/sedirelyon.fr\/lesdiaconessesdurocher\/diaconat-2016\/article-12-mai\/","title":{"rendered":"un autre article 12 Mai"},"content":{"rendered":"<p><strong><img data-recalc-dims=\"1\" loading=\"lazy\" decoding=\"async\" data-attachment-id=\"163\" data-permalink=\"https:\/\/sedirelyon.fr\/lesdiaconessesdurocher\/diaconat-2016\/article-12-mai\/francois-et-carmen\/\" data-orig-file=\"https:\/\/i0.wp.com\/sedirelyon.fr\/lesdiaconessesdurocher\/wp-content\/uploads\/sites\/2\/2016\/05\/Fran%C3%A7ois-et-Carmen.jpg?fit=502%2C468&amp;ssl=1\" data-orig-size=\"502,468\" data-comments-opened=\"1\" data-image-meta=\"{&quot;aperture&quot;:&quot;0&quot;,&quot;credit&quot;:&quot;Christian&quot;,&quot;camera&quot;:&quot;&quot;,&quot;caption&quot;:&quot;&quot;,&quot;created_timestamp&quot;:&quot;1463143582&quot;,&quot;copyright&quot;:&quot;&quot;,&quot;focal_length&quot;:&quot;0&quot;,&quot;iso&quot;:&quot;0&quot;,&quot;shutter_speed&quot;:&quot;0&quot;,&quot;title&quot;:&quot;&quot;,&quot;orientation&quot;:&quot;0&quot;}\" data-image-title=\"Fran\u00e7ois et Carmen\" data-image-description=\"\" data-image-caption=\"\" data-medium-file=\"https:\/\/i0.wp.com\/sedirelyon.fr\/lesdiaconessesdurocher\/wp-content\/uploads\/sites\/2\/2016\/05\/Fran%C3%A7ois-et-Carmen.jpg?fit=300%2C280&amp;ssl=1\" data-large-file=\"https:\/\/i0.wp.com\/sedirelyon.fr\/lesdiaconessesdurocher\/wp-content\/uploads\/sites\/2\/2016\/05\/Fran%C3%A7ois-et-Carmen.jpg?fit=502%2C468&amp;ssl=1\" class=\"size-medium wp-image-163 alignleft\" src=\"https:\/\/i0.wp.com\/sedirelyon.fr\/lesdiaconessesdurocher\/wp-content\/uploads\/sites\/2\/2016\/05\/Fran%C3%A7ois-et-Carmen.jpg?resize=300%2C280&#038;ssl=1\" alt=\"Fran\u00e7ois et Carmen\" width=\"300\" height=\"280\" srcset=\"https:\/\/i0.wp.com\/sedirelyon.fr\/lesdiaconessesdurocher\/wp-content\/uploads\/sites\/2\/2016\/05\/Fran%C3%A7ois-et-Carmen.jpg?resize=300%2C280&amp;ssl=1 300w, https:\/\/i0.wp.com\/sedirelyon.fr\/lesdiaconessesdurocher\/wp-content\/uploads\/sites\/2\/2016\/05\/Fran%C3%A7ois-et-Carmen.jpg?w=502&amp;ssl=1 502w\" sizes=\"auto, (max-width: 300px) 85vw, 300px\" \/>Le pape veut cr\u00e9er une commission sur le diaconat f\u00e9minin<\/strong><\/p>\n<p>Claire Lesegretain, le 12\/05\/2016 \u00e0 17h14<\/p>\n<p><strong>S\u2019adressant jeudi\u00a012 mai \u00e0 plusieurs centaines de sup\u00e9rieures majeures du monde entier, le pape Fran\u00e7ois a r\u00e9pondu par l\u2019affirmative \u00e0 l\u2019une d\u2019entre elles qui lui demandait s\u2019il ne serait pas temps de cr\u00e9er une commission pour \u00e9tudier la possibilit\u00e9 pour des femmes d\u2019acc\u00e9der au diaconat.<\/strong><\/p>\n<p><a href=\"http:\/\/www.la-croix.com\/Religion\/Pape\/Le-pape-veut-creer-une-commission-sur-le-diaconat-feminin-2016-05-12-1200759622#imageZoom\">ZOOM <\/a><\/p>\n<p>Le pape salue une religieuse missionnaire\u00a0lors d\u2019une audience sp\u00e9ciale avec les membres de l\u2019Union internationale des sup\u00e9rieures g\u00e9n\u00e9rales, au Vatican, jeudi 12 mai. \/ \/AP<\/p>\n<p>Ce n\u2019est qu\u2019apr\u00e8s un temps de r\u00e9flexion, que le pape r\u00e9pond, jeudi\u00a012 mai, \u00e0 l\u2019une des sup\u00e9rieures majeures qui l\u2019interroge sur l\u2019acc\u00e8s des femmes au diaconat permanent\u2009: \u00ab\u00a0Constituer une commission officielle pour \u00e9tudier la question\u2009? Je crois, oui. Il serait bon pour l\u2019\u00c9glise de clarifier ce point. (\u2026) Je ferai en sorte qu\u2019on fasse quelque chose comme \u00e7a. (\u2026) Il me semble utile qu\u2019une commission \u00e9tudie la question.\u00a0\u00bb<\/p>\n<p>Ce n\u2019est pas la premi\u00e8re fois qu\u2019un pape est invit\u00e9 \u00e0 r\u00e9pondre \u00e0 cette question. <a href=\"http:\/\/www.la-croix.com\/Archives\/2006-03-08\/L-Eglise-catholique-reste-prudente-sur-un-diaconat-feminin-_NP_-2006-03-08-258276\">En 2006, le pape Beno\u00eet\u00a0XVI \u00e9voquait \u00ab\u00a0un service minist\u00e9riel confi\u00e9 aux femmes\u00a0\u00bb<\/a>.<\/p>\n<p>Plus r\u00e9cemment, pendant le Synode sur la famille, \u00e0 Rome, en octobre\u00a02015, Mgr\u00a0Paul-Andr\u00e9 Durocher, archev\u00eaque de Gatineau (Qu\u00e9bec) et pr\u00e9sident sortant de la Conf\u00e9rence des \u00e9v\u00eaques du Canada, <a href=\"http:\/\/www.la-croix.com\/Archives\/2015-11-21\/Le-diaconat-feminin-2015-11-21-1383093\">avait d\u00e9j\u00e0 propos\u00e9 que des femmes puissent acc\u00e9der \u00e0 un minist\u00e8re diaconal<\/a>. Entre autres \u00ab\u00a0pistes d\u2019action\u00a0\u00bb, il a propos\u00e9 la mise en place d\u2019un \u00ab\u00a0processus qui pourrait \u00e9ventuellement ouvrir aux femmes l\u2019acc\u00e8s au diaconat permanent, qui, comme le dit la tradition, est orient\u00e9 non pas en vue du sacerdoce mais en vue du minist\u00e8re\u00a0\u00bb, du service (Lumen Gentium, n\u00b0\u00a029).<\/p>\n<p><strong>Pour une \u00ab\u00a0diaconie sp\u00e9cifique pour les femmes\u00a0\u00bb<\/strong><\/p>\n<p>D\u2019autres hauts responsables catholiques ont \u00e9galement sugg\u00e9r\u00e9 cette id\u00e9e. En 1999, Mgr\u00a0Karl Lehmann, qui pr\u00e9sidait la Conf\u00e9rence des \u00e9v\u00eaques d\u2019Allemagne, avait pr\u00e9fac\u00e9 la th\u00e8se d\u2019une th\u00e9ologienne la\u00efque, Dorothee Reininger, sur l\u2019acc\u00e8s des femmes au diaconat, laissant penser qu\u2019il y \u00e9tait favorable.<\/p>\n<p>En 2013, dans son discours de cl\u00f4ture du synode dioc\u00e9sain, Mgr\u00a0Robert Zollitsch, \u00e0 son tour pr\u00e9sident de la Conf\u00e9rence des \u00e9v\u00eaques d\u2019Allemagne, <a href=\"http:\/\/www.la-croix.com\/Religion\/En-quoi-consisterait-un-diaconat-feminin-2013-05-10-958309\">avait plaid\u00e9 pour \u00ab\u00a0une diaconie sp\u00e9cifique pour les femmes\u00a0\u00bb<\/a>.<\/p>\n<p>De fait, les P\u00e8res du concile Vatican\u00a0II, en restaurant le diaconat permanent pur les hommes, avaient relanc\u00e9 la r\u00e9flexion th\u00e9ologique pour les femmes. Une r\u00e9flexion qui s\u2019appuie sur le fait que des femmes diakonos sont mentionn\u00e9es dans le Nouveau Testament et dans l\u2019\u00c9glise primitive, \u00e0 l\u2019\u00e9poque o\u00f9, le bapt\u00eame se pratiquant par immersion totale, seules des femmes pouvaient pr\u00e9sider aux bapt\u00eames de femmes.<\/p>\n<p><strong>Les trois r\u00f4les du diacre<\/strong><\/p>\n<p>Depuis le Concile, le diaconat permanent pour les hommes correspond essentiellement \u00e0 trois r\u00f4les\u2009: aider les pr\u00eatres sur le plan pastoral\u2009; assurer l\u2019\u00e9vang\u00e9lisation et le service \u00ab\u00a0aux p\u00e9riph\u00e9ries\u00a0\u00bb (pour les diacres en milieu professionnel)\u2009; \u00eatre l\u2019agent de l\u2019\u00e9v\u00eaque, pour un service ou une mission ponctuels.<\/p>\n<p>Dans certains dioc\u00e8ses, le statut des diacres permanents est encore fluctuant. La question est donc de savoir si, en permettant \u00e0 des femmes d\u2019acc\u00e9der \u00e0 ce minist\u00e8re diaconal, on va aider \u00e0 clarifier, ou au contraire compliquer la place des diacres permanents.<\/p>\n<p>En effet l\u2019\u00e9ventualit\u00e9 d\u2019une restauration de femmes diacres (ou diaconesses) bute sur la question de l\u2019ordination \u2013 avec la possibilit\u00e9 de c\u00e9l\u00e9brer certains sacrements. Dans l\u2019\u00c9glise catholique, les diacres sont autoris\u00e9s \u00e0 pr\u00eacher \u00e0 l\u2019ambon, \u00e0 pr\u00e9sider des fun\u00e9railles (comme tous la\u00efcs form\u00e9s) et \u00e0 c\u00e9l\u00e9brer les sacrements du bapt\u00eame et du mariage. En revanche, ils ne peuvent pas c\u00e9l\u00e9brer l\u2019Eucharistie, ni le sacrement de r\u00e9conciliation.<\/p>\n<p><strong>Ordination ou b\u00e9n\u00e9diction<\/strong><\/p>\n<p>D\u2019o\u00f9 des d\u00e9bats, assez techniques, pour savoir si, dans l\u2019\u00c9glise primitive, les diaconesses recevaient une ordination ou une b\u00e9n\u00e9diction. Certains th\u00e9ologiens consid\u00e8rent qu\u2019il s\u2019agissait vraiment d\u2019une entr\u00e9e dans le sacrement de l\u2019ordre, puisqu\u2019il y avait, selon eux, b\u00e9n\u00e9diction avec imposition des mains, comme pour les diacres masculins. Pour d\u2019autres, il s\u2019agissait plut\u00f4t d\u2019une investiture.<\/p>\n<p>Claire Lesegretain<\/p>\n<p>&nbsp;<\/p>\n","protected":false},"excerpt":{"rendered":"<p>Le pape veut cr\u00e9er une commission sur le diaconat f\u00e9minin Claire Lesegretain, le 12\/05\/2016 \u00e0 17h14 S\u2019adressant jeudi\u00a012 mai \u00e0 plusieurs centaines de sup\u00e9rieures majeures du monde entier, le pape Fran\u00e7ois a r\u00e9pondu par l\u2019affirmative \u00e0 l\u2019une d\u2019entre elles qui lui demandait s\u2019il ne serait pas temps de cr\u00e9er une commission pour \u00e9tudier la possibilit\u00e9 &hellip; <a href=\"https:\/\/sedirelyon.fr\/lesdiaconessesdurocher\/diaconat-2016\/article-12-mai\/\" class=\"more-link\">Continuer la lecture<span class=\"screen-reader-text\"> de &laquo;&nbsp;un autre article 12 Mai&nbsp;&raquo;<\/span><\/a><\/p>\n","protected":false},"author":1,"featured_media":0,"parent":151,"menu_order":0,"comment_status":"closed","ping_status":"closed","template":"","meta":{"jetpack_post_was_ever_published":false,"footnotes":""},"class_list":["post-161","page","type-page","status-publish","hentry"],"yoast_head":"<!-- This site is optimized with the Yoast SEO plugin v27.6 - https:\/\/yoast.com\/product\/yoast-seo-wordpress\/ -->\n<title>un autre article 12 Mai - Les Diaconesses du Rocher<\/title>\n<meta name=\"robots\" content=\"index, follow, max-snippet:-1, max-image-preview:large, max-video-preview:-1\" \/>\n<link rel=\"canonical\" href=\"https:\/\/sedirelyon.fr\/lesdiaconessesdurocher\/diaconat-2016\/article-12-mai\/\" \/>\n<meta property=\"og:locale\" content=\"fr_FR\" \/>\n<meta property=\"og:type\" content=\"article\" \/>\n<meta property=\"og:title\" content=\"un autre article 12 Mai - Les Diaconesses du Rocher\" \/>\n<meta property=\"og:description\" content=\"Le pape veut cr\u00e9er une commission sur le diaconat f\u00e9minin Claire Lesegretain, le 12\/05\/2016 \u00e0 17h14 S\u2019adressant jeudi\u00a012 mai \u00e0 plusieurs centaines de sup\u00e9rieures majeures du monde entier, le pape Fran\u00e7ois a r\u00e9pondu par l\u2019affirmative \u00e0 l\u2019une d\u2019entre elles qui lui demandait s\u2019il ne serait pas temps de cr\u00e9er une commission pour \u00e9tudier la possibilit\u00e9 &hellip; Continuer la lecture de &laquo;&nbsp;un autre article 12 Mai&nbsp;&raquo;\" \/>\n<meta property=\"og:url\" content=\"https:\/\/sedirelyon.fr\/lesdiaconessesdurocher\/diaconat-2016\/article-12-mai\/\" \/>\n<meta property=\"og:site_name\" content=\"Les Diaconesses du Rocher\" \/>\n<meta property=\"article:modified_time\" content=\"2016-05-16T16:46:52+00:00\" \/>\n<meta name=\"twitter:card\" content=\"summary_large_image\" \/>\n<meta name=\"twitter:label1\" content=\"Dur\u00e9e de lecture estim\u00e9e\" \/>\n\t<meta name=\"twitter:data1\" content=\"4 minutes\" \/>\n<script type=\"application\/ld+json\" class=\"yoast-schema-graph\">{\"@context\":\"https:\\\/\\\/schema.org\",\"@graph\":[{\"@type\":\"WebPage\",\"@id\":\"https:\\\/\\\/sedirelyon.fr\\\/lesdiaconessesdurocher\\\/diaconat-2016\\\/article-12-mai\\\/\",\"url\":\"https:\\\/\\\/sedirelyon.fr\\\/lesdiaconessesdurocher\\\/diaconat-2016\\\/article-12-mai\\\/\",\"name\":\"un autre article 12 Mai - Les Diaconesses du Rocher\",\"isPartOf\":{\"@id\":\"https:\\\/\\\/sedirelyon.fr\\\/lesdiaconessesdurocher\\\/#website\"},\"datePublished\":\"2016-05-16T16:45:40+00:00\",\"dateModified\":\"2016-05-16T16:46:52+00:00\",\"breadcrumb\":{\"@id\":\"https:\\\/\\\/sedirelyon.fr\\\/lesdiaconessesdurocher\\\/diaconat-2016\\\/article-12-mai\\\/#breadcrumb\"},\"inLanguage\":\"fr-FR\",\"potentialAction\":[{\"@type\":\"ReadAction\",\"target\":[\"https:\\\/\\\/sedirelyon.fr\\\/lesdiaconessesdurocher\\\/diaconat-2016\\\/article-12-mai\\\/\"]}]},{\"@type\":\"BreadcrumbList\",\"@id\":\"https:\\\/\\\/sedirelyon.fr\\\/lesdiaconessesdurocher\\\/diaconat-2016\\\/article-12-mai\\\/#breadcrumb\",\"itemListElement\":[{\"@type\":\"ListItem\",\"position\":1,\"name\":\"Accueil\",\"item\":\"https:\\\/\\\/sedirelyon.fr\\\/lesdiaconessesdurocher\\\/\"},{\"@type\":\"ListItem\",\"position\":2,\"name\":\"Diaconat 2016\",\"item\":\"http:\\\/\\\/sedirelyon.fr\\\/lesdiaconessesdurocher\\\/diaconat-2016\\\/\"},{\"@type\":\"ListItem\",\"position\":3,\"name\":\"un autre article 12 Mai\"}]},{\"@type\":\"WebSite\",\"@id\":\"https:\\\/\\\/sedirelyon.fr\\\/lesdiaconessesdurocher\\\/#website\",\"url\":\"https:\\\/\\\/sedirelyon.fr\\\/lesdiaconessesdurocher\\\/\",\"name\":\"Les Diaconesses du Rocher\",\"description\":\"des femmes dans l&#039;Eglise\",\"potentialAction\":[{\"@type\":\"SearchAction\",\"target\":{\"@type\":\"EntryPoint\",\"urlTemplate\":\"https:\\\/\\\/sedirelyon.fr\\\/lesdiaconessesdurocher\\\/?s={search_term_string}\"},\"query-input\":{\"@type\":\"PropertyValueSpecification\",\"valueRequired\":true,\"valueName\":\"search_term_string\"}}],\"inLanguage\":\"fr-FR\"}]}<\/script>\n<!-- \/ Yoast SEO plugin. -->","yoast_head_json":{"title":"un autre article 12 Mai - Les Diaconesses du Rocher","robots":{"index":"index","follow":"follow","max-snippet":"max-snippet:-1","max-image-preview":"max-image-preview:large","max-video-preview":"max-video-preview:-1"},"canonical":"https:\/\/sedirelyon.fr\/lesdiaconessesdurocher\/diaconat-2016\/article-12-mai\/","og_locale":"fr_FR","og_type":"article","og_title":"un autre article 12 Mai - Les Diaconesses du Rocher","og_description":"Le pape veut cr\u00e9er une commission sur le diaconat f\u00e9minin Claire Lesegretain, le 12\/05\/2016 \u00e0 17h14 S\u2019adressant jeudi\u00a012 mai \u00e0 plusieurs centaines de sup\u00e9rieures majeures du monde entier, le pape Fran\u00e7ois a r\u00e9pondu par l\u2019affirmative \u00e0 l\u2019une d\u2019entre elles qui lui demandait s\u2019il ne serait pas temps de cr\u00e9er une commission pour \u00e9tudier la possibilit\u00e9 &hellip; Continuer la lecture de &laquo;&nbsp;un autre article 12 Mai&nbsp;&raquo;","og_url":"https:\/\/sedirelyon.fr\/lesdiaconessesdurocher\/diaconat-2016\/article-12-mai\/","og_site_name":"Les Diaconesses du Rocher","article_modified_time":"2016-05-16T16:46:52+00:00","twitter_card":"summary_large_image","twitter_misc":{"Dur\u00e9e de lecture estim\u00e9e":"4 minutes"},"schema":{"@context":"https:\/\/schema.org","@graph":[{"@type":"WebPage","@id":"https:\/\/sedirelyon.fr\/lesdiaconessesdurocher\/diaconat-2016\/article-12-mai\/","url":"https:\/\/sedirelyon.fr\/lesdiaconessesdurocher\/diaconat-2016\/article-12-mai\/","name":"un autre article 12 Mai - Les Diaconesses du Rocher","isPartOf":{"@id":"https:\/\/sedirelyon.fr\/lesdiaconessesdurocher\/#website"},"datePublished":"2016-05-16T16:45:40+00:00","dateModified":"2016-05-16T16:46:52+00:00","breadcrumb":{"@id":"https:\/\/sedirelyon.fr\/lesdiaconessesdurocher\/diaconat-2016\/article-12-mai\/#breadcrumb"},"inLanguage":"fr-FR","potentialAction":[{"@type":"ReadAction","target":["https:\/\/sedirelyon.fr\/lesdiaconessesdurocher\/diaconat-2016\/article-12-mai\/"]}]},{"@type":"BreadcrumbList","@id":"https:\/\/sedirelyon.fr\/lesdiaconessesdurocher\/diaconat-2016\/article-12-mai\/#breadcrumb","itemListElement":[{"@type":"ListItem","position":1,"name":"Accueil","item":"https:\/\/sedirelyon.fr\/lesdiaconessesdurocher\/"},{"@type":"ListItem","position":2,"name":"Diaconat 2016","item":"http:\/\/sedirelyon.fr\/lesdiaconessesdurocher\/diaconat-2016\/"},{"@type":"ListItem","position":3,"name":"un autre article 12 Mai"}]},{"@type":"WebSite","@id":"https:\/\/sedirelyon.fr\/lesdiaconessesdurocher\/#website","url":"https:\/\/sedirelyon.fr\/lesdiaconessesdurocher\/","name":"Les Diaconesses du Rocher","description":"des femmes dans l&#039;Eglise","potentialAction":[{"@type":"SearchAction","target":{"@type":"EntryPoint","urlTemplate":"https:\/\/sedirelyon.fr\/lesdiaconessesdurocher\/?s={search_term_string}"},"query-input":{"@type":"PropertyValueSpecification","valueRequired":true,"valueName":"search_term_string"}}],"inLanguage":"fr-FR"}]}},"jetpack_sharing_enabled":true,"jetpack_shortlink":"https:\/\/wp.me\/P7xNTI-2B","jetpack-related-posts":[],"_links":{"self":[{"href":"https:\/\/sedirelyon.fr\/lesdiaconessesdurocher\/wp-json\/wp\/v2\/pages\/161","targetHints":{"allow":["GET"]}}],"collection":[{"href":"https:\/\/sedirelyon.fr\/lesdiaconessesdurocher\/wp-json\/wp\/v2\/pages"}],"about":[{"href":"https:\/\/sedirelyon.fr\/lesdiaconessesdurocher\/wp-json\/wp\/v2\/types\/page"}],"author":[{"embeddable":true,"href":"https:\/\/sedirelyon.fr\/lesdiaconessesdurocher\/wp-json\/wp\/v2\/users\/1"}],"replies":[{"embeddable":true,"href":"https:\/\/sedirelyon.fr\/lesdiaconessesdurocher\/wp-json\/wp\/v2\/comments?post=161"}],"version-history":[{"count":3,"href":"https:\/\/sedirelyon.fr\/lesdiaconessesdurocher\/wp-json\/wp\/v2\/pages\/161\/revisions"}],"predecessor-version":[{"id":165,"href":"https:\/\/sedirelyon.fr\/lesdiaconessesdurocher\/wp-json\/wp\/v2\/pages\/161\/revisions\/165"}],"up":[{"embeddable":true,"href":"https:\/\/sedirelyon.fr\/lesdiaconessesdurocher\/wp-json\/wp\/v2\/pages\/151"}],"wp:attachment":[{"href":"https:\/\/sedirelyon.fr\/lesdiaconessesdurocher\/wp-json\/wp\/v2\/media?parent=161"}],"curies":[{"name":"wp","href":"https:\/\/api.w.org\/{rel}","templated":true}]}}