{"id":19,"date":"2016-02-15T18:08:22","date_gmt":"2016-02-15T17:08:22","guid":{"rendered":"http:\/\/sedirelyon.fr\/lesdiaconessesdurocher\/?page_id=19"},"modified":"2025-03-23T18:16:00","modified_gmt":"2025-03-23T17:16:00","slug":"article-synode","status":"publish","type":"page","link":"https:\/\/sedirelyon.fr\/lesdiaconessesdurocher\/article-synode\/","title":{"rendered":"article synode"},"content":{"rendered":"<p>Dans les 94 articles du synode, un seul artcle sur la femme et \u00e9galement ( pour respecter la part\u00e9 sans doute) un artcle sur l&rsquo;homme.<\/p>\n<p>La femme<br \/>\n27. La femme joue un r\u00f4le d\u00e9terminant dans<\/p>\n<p>a vie des personnes, de la famille et de la<br \/>\nsoci\u00e9t\u00e9. \u00ab Chaque personne humaine doit la<br \/>\nvie \u00e0 une m\u00e8re, et presque toujours, elle lui<br \/>\ndoit une grande partie de son existence qui<br \/>\nsuit, de sa formation humaine et<br \/>\nspirituelle \u00bb (Fran\u00e7ois, audience g\u00e9n\u00e9rale,<br \/>\n7 janvier 2015). La m\u00e8re prot\u00e8ge la<br \/>\nm\u00e9moire et le sens de la naissance pour<br \/>\ntoute la vie : \u00ab Marie, cependant, retenait<br \/>\ntous ces \u00e9v\u00e9nements et les m\u00e9ditait dans<br \/>\nson coeur (Lc 2,19.51). Il n\u2019en reste pas<br \/>\nmoins que la condition f\u00e9minine dans le<br \/>\nmonde est marqu\u00e9e par de grandes<br \/>\ndiff\u00e9rences, dues principalement \u00e0 des<br \/>\nfacteurs socioculturels. Il faut d\u00e9fendre et<br \/>\npromouvoir la dignit\u00e9 de la femme. Il ne<br \/>\ns\u2019agit pas seulement d\u2019un probl\u00e8me de<br \/>\nressources \u00e9conomiques, mais d\u2019une<br \/>\nperspective culturelle autre, comme le<br \/>\nmontrent les conditions de vie difficiles<br \/>\npour les femmes dans de nombreux pays<br \/>\nayant connu un d\u00e9veloppement r\u00e9cent.<br \/>\nEncore de nos jours, dans de nombreuses<br \/>\nsituations, \u00eatre une femme est cause de<br \/>\ndiscrimination : m\u00eame la maternit\u00e9 est<br \/>\np\u00e9nalis\u00e9e au lieu d\u2019\u00eatre valoris\u00e9e. D\u2019un<br \/>\nautre c\u00f4t\u00e9, dans certaines cultures, la<br \/>\nst\u00e9rilit\u00e9 pour une femme est source de<br \/>\ndiscrimination sociale. Il ne faut pas non<br \/>\nplus oublier les ph\u00e9nom\u00e8nes croissants de<br \/>\nviolence dont les femmes sont victimes au<br \/>\nsein de la famille. L\u2019exploitation des<br \/>\nfemmes et les violences faites \u00e0 leur corps<br \/>\nsont souvent li\u00e9es \u00e0 l\u2019avortement et \u00e0 la<br \/>\nst\u00e9rilisation forc\u00e9e. \u00c0 cela s\u2019ajoutent les<br \/>\ncons\u00e9quences n\u00e9gatives de pratiques li\u00e9es \u00e0<br \/>\nla procr\u00e9ation, telles que la gestation pour<br \/>\nautrui, ou le march\u00e9 des gam\u00e8tes et des<br \/>\nembryons. L\u2019\u00e9mancipation f\u00e9minine<br \/>\nrequiert de repenser la r\u00e9partition des t\u00e2ches<br \/>\nentre \u00e9poux et leur responsabilit\u00e9 commune<br \/>\nen ce qui concerne la vie familiale. Le d\u00e9sir<br \/>\nd\u2019enfant \u00e0 tout prix n\u2019a pas conduit \u00e0 des<br \/>\nrelations familiales plus heureuses et plus<br \/>\nsolides. Au contraire, dans de nombreux<br \/>\ncas, elle a aggrav\u00e9 de fait l\u2019in\u00e9galit\u00e9 entre<br \/>\nfemmes et hommes. Pour contribuer \u00e0 la<br \/>\nreconnaissance sociale de leur r\u00f4le<br \/>\nd\u00e9terminant, on pourrait valoriser<br \/>\ndavantage les responsabilit\u00e9s des femmes<br \/>\nau sein de l\u2019\u00c9glise : leur intervention dans<br \/>\nles processus de d\u00e9cision, leur participation<br \/>\nau gouvernement de certaines institutions,<br \/>\nleur implication dans la formation des<br \/>\nministres ordonn\u00e9s. \u00a6251-9\u00a6<br \/>\nL\u2019homme<br \/>\n28. L\u2019homme joue un r\u00f4le tout aussi d\u00e9cisif<br \/>\ndans la vie de la famille, en particulier dans<br \/>\nla protection et le soutien envers son \u00e9pouse<br \/>\net ses enfants. Mod\u00e8le de cette figure<br \/>\npaternelle, saint Joseph, homme juste qui,<br \/>\ndans le danger \u00ab prit avec lui l\u2019enfant et sa<br \/>\nm\u00e8re dans la nuit \u00bb (Mt 2,14) et les mit \u00e0<br \/>\nl\u2019abri. De nombreux hommes sont<br \/>\nconscients de l\u2019importance de leur r\u00f4le dans<br \/>\nla famille et le vivent avec les qualit\u00e9s<br \/>\npropres du caract\u00e8re masculin. L\u2019absence<br \/>\nde p\u00e8re marque gravement la vie familiale,<br \/>\nl\u2019\u00e9ducation des enfants et leur insertion<br \/>\ndans la soci\u00e9t\u00e9. Son absence peut \u00eatre<br \/>\nphysique, affective, intellectuelle ou<br \/>\nspirituelle. Ce manque prive les enfants<br \/>\nd\u2019un mod\u00e8le paternel de r\u00e9f\u00e9rence.<br \/>\nL\u2019implication croissante des femmes dans<br \/>\nle monde du travail, hors de la maison, n\u2019a<br \/>\npas \u00e9t\u00e9 compens\u00e9e de mani\u00e8re ad\u00e9quate par<br \/>\nune implication plus importante des<br \/>\nhommes dans la sph\u00e8re domestique. Dans le<br \/>\ncontexte actuel, la sensibilit\u00e9 de l\u2019homme \u00e0<br \/>\nson devoir de protection de son \u00e9pouse et<br \/>\ndes enfants contre toute forme de violence<br \/>\net de d\u00e9gradation s\u2019est affaiblie. \u00ab Le mari \u2013<br \/>\ndit Paul \u2013 doit aimer sa femme \u00ab comme<br \/>\nson propre corps \u00bb (Ep 5, 28) ; l\u2019aimer<br \/>\ncomme le Christ \u00ab a aim\u00e9 l\u2019\u00c9glise et s\u2019est<br \/>\nlivr\u00e9 pour elle \u00bb (v. 25). Mais vous les maris<br \/>\n(\u2026), comprenez-vous cela ? Aimer votre<br \/>\nfemme comme le Christ aime l\u2019\u00c9glise ?<br \/>\n(\u2026) L\u2019effet de la radicalit\u00e9 du d\u00e9vouement<br \/>\ndemand\u00e9 \u00e0 l\u2019homme, pour l\u2019amour et la<br \/>\ndignit\u00e9 de la femme, \u00e0 l\u2019exemple du Christ,<br \/>\ndoit avoir \u00e9t\u00e9 immense, dans la<br \/>\ncommunaut\u00e9 chr\u00e9tienne elle-m\u00eame. Ce<br \/>\ngerme de nouveaut\u00e9 \u00e9vang\u00e9lique, qui<br \/>\nr\u00e9tablit la r\u00e9ciprocit\u00e9 originelle du<br \/>\nd\u00e9vouement et du respect, a grandi<br \/>\nlentement au fil des si\u00e8cles, puis a fini par<br \/>\npr\u00e9valoir \u00bb (Fran\u00e7ois, audience g\u00e9n\u00e9rale,<br \/>\n6 mai 2015). \u00a6257-4\u00a6<\/p>\n<p>LA gouvernance<\/p>\n<p>. Pour contribuer \u00e0 la<br \/>\nreconnaissance sociale de leur r\u00f4le<br \/>\nd\u00e9terminant, on pourrait valoriser<br \/>\ndavantage les responsabilit\u00e9s des femmes<br \/>\nau sein de l\u2019\u00c9glise : leur intervention dans<br \/>\nles processus de d\u00e9cision, leur participation<br \/>\nau gouvernement de certaines institutions,<br \/>\nleur implication dans la formation des<br \/>\nministres ordonn\u00e9s. \u00a6251-9\u00a6<\/p>\n","protected":false},"excerpt":{"rendered":"<p>Dans les 94 articles du synode, un seul artcle sur la femme et \u00e9galement ( pour respecter la part\u00e9 sans doute) un artcle sur l&rsquo;homme. La femme 27. La femme joue un r\u00f4le d\u00e9terminant dans a vie des personnes, de la famille et de la soci\u00e9t\u00e9. \u00ab Chaque personne humaine doit la vie \u00e0 une &hellip; <a href=\"https:\/\/sedirelyon.fr\/lesdiaconessesdurocher\/article-synode\/\" class=\"more-link\">Continuer la lecture<span class=\"screen-reader-text\"> de &laquo;&nbsp;article synode&nbsp;&raquo;<\/span><\/a><\/p>\n","protected":false},"author":1,"featured_media":0,"parent":0,"menu_order":0,"comment_status":"closed","ping_status":"closed","template":"","meta":{"jetpack_post_was_ever_published":false,"footnotes":""},"class_list":["post-19","page","type-page","status-publish","hentry"],"yoast_head":"<!-- This site is optimized with the Yoast SEO plugin v27.4 - https:\/\/yoast.com\/product\/yoast-seo-wordpress\/ -->\n<title>article synode - Les Diaconesses du Rocher<\/title>\n<meta name=\"robots\" content=\"index, follow, max-snippet:-1, max-image-preview:large, max-video-preview:-1\" \/>\n<link rel=\"canonical\" href=\"https:\/\/sedirelyon.fr\/lesdiaconessesdurocher\/article-synode\/\" \/>\n<meta property=\"og:locale\" content=\"fr_FR\" \/>\n<meta property=\"og:type\" content=\"article\" \/>\n<meta property=\"og:title\" content=\"article synode - Les Diaconesses du Rocher\" \/>\n<meta property=\"og:description\" content=\"Dans les 94 articles du synode, un seul artcle sur la femme et \u00e9galement ( pour respecter la part\u00e9 sans doute) un artcle sur l&rsquo;homme. La femme 27. La femme joue un r\u00f4le d\u00e9terminant dans a vie des personnes, de la famille et de la soci\u00e9t\u00e9. \u00ab Chaque personne humaine doit la vie \u00e0 une &hellip; Continuer la lecture de &laquo;&nbsp;article synode&nbsp;&raquo;\" \/>\n<meta property=\"og:url\" content=\"https:\/\/sedirelyon.fr\/lesdiaconessesdurocher\/article-synode\/\" \/>\n<meta property=\"og:site_name\" content=\"Les Diaconesses du Rocher\" \/>\n<meta property=\"article:modified_time\" content=\"2025-03-23T17:16:00+00:00\" \/>\n<meta name=\"twitter:card\" content=\"summary_large_image\" \/>\n<meta name=\"twitter:label1\" content=\"Dur\u00e9e de lecture estim\u00e9e\" \/>\n\t<meta name=\"twitter:data1\" content=\"4 minutes\" \/>\n<script type=\"application\/ld+json\" class=\"yoast-schema-graph\">{\"@context\":\"https:\\\/\\\/schema.org\",\"@graph\":[{\"@type\":\"WebPage\",\"@id\":\"https:\\\/\\\/sedirelyon.fr\\\/lesdiaconessesdurocher\\\/article-synode\\\/\",\"url\":\"https:\\\/\\\/sedirelyon.fr\\\/lesdiaconessesdurocher\\\/article-synode\\\/\",\"name\":\"article synode - Les Diaconesses du Rocher\",\"isPartOf\":{\"@id\":\"https:\\\/\\\/sedirelyon.fr\\\/lesdiaconessesdurocher\\\/#website\"},\"datePublished\":\"2016-02-15T17:08:22+00:00\",\"dateModified\":\"2025-03-23T17:16:00+00:00\",\"breadcrumb\":{\"@id\":\"https:\\\/\\\/sedirelyon.fr\\\/lesdiaconessesdurocher\\\/article-synode\\\/#breadcrumb\"},\"inLanguage\":\"fr-FR\",\"potentialAction\":[{\"@type\":\"ReadAction\",\"target\":[\"https:\\\/\\\/sedirelyon.fr\\\/lesdiaconessesdurocher\\\/article-synode\\\/\"]}]},{\"@type\":\"BreadcrumbList\",\"@id\":\"https:\\\/\\\/sedirelyon.fr\\\/lesdiaconessesdurocher\\\/article-synode\\\/#breadcrumb\",\"itemListElement\":[{\"@type\":\"ListItem\",\"position\":1,\"name\":\"Accueil\",\"item\":\"https:\\\/\\\/sedirelyon.fr\\\/lesdiaconessesdurocher\\\/\"},{\"@type\":\"ListItem\",\"position\":2,\"name\":\"article synode\"}]},{\"@type\":\"WebSite\",\"@id\":\"https:\\\/\\\/sedirelyon.fr\\\/lesdiaconessesdurocher\\\/#website\",\"url\":\"https:\\\/\\\/sedirelyon.fr\\\/lesdiaconessesdurocher\\\/\",\"name\":\"Les Diaconesses du Rocher\",\"description\":\"des femmes dans l&#039;Eglise\",\"potentialAction\":[{\"@type\":\"SearchAction\",\"target\":{\"@type\":\"EntryPoint\",\"urlTemplate\":\"https:\\\/\\\/sedirelyon.fr\\\/lesdiaconessesdurocher\\\/?s={search_term_string}\"},\"query-input\":{\"@type\":\"PropertyValueSpecification\",\"valueRequired\":true,\"valueName\":\"search_term_string\"}}],\"inLanguage\":\"fr-FR\"}]}<\/script>\n<!-- \/ Yoast SEO plugin. -->","yoast_head_json":{"title":"article synode - Les Diaconesses du Rocher","robots":{"index":"index","follow":"follow","max-snippet":"max-snippet:-1","max-image-preview":"max-image-preview:large","max-video-preview":"max-video-preview:-1"},"canonical":"https:\/\/sedirelyon.fr\/lesdiaconessesdurocher\/article-synode\/","og_locale":"fr_FR","og_type":"article","og_title":"article synode - Les Diaconesses du Rocher","og_description":"Dans les 94 articles du synode, un seul artcle sur la femme et \u00e9galement ( pour respecter la part\u00e9 sans doute) un artcle sur l&rsquo;homme. La femme 27. La femme joue un r\u00f4le d\u00e9terminant dans a vie des personnes, de la famille et de la soci\u00e9t\u00e9. \u00ab Chaque personne humaine doit la vie \u00e0 une &hellip; Continuer la lecture de &laquo;&nbsp;article synode&nbsp;&raquo;","og_url":"https:\/\/sedirelyon.fr\/lesdiaconessesdurocher\/article-synode\/","og_site_name":"Les Diaconesses du Rocher","article_modified_time":"2025-03-23T17:16:00+00:00","twitter_card":"summary_large_image","twitter_misc":{"Dur\u00e9e de lecture estim\u00e9e":"4 minutes"},"schema":{"@context":"https:\/\/schema.org","@graph":[{"@type":"WebPage","@id":"https:\/\/sedirelyon.fr\/lesdiaconessesdurocher\/article-synode\/","url":"https:\/\/sedirelyon.fr\/lesdiaconessesdurocher\/article-synode\/","name":"article synode - Les Diaconesses du Rocher","isPartOf":{"@id":"https:\/\/sedirelyon.fr\/lesdiaconessesdurocher\/#website"},"datePublished":"2016-02-15T17:08:22+00:00","dateModified":"2025-03-23T17:16:00+00:00","breadcrumb":{"@id":"https:\/\/sedirelyon.fr\/lesdiaconessesdurocher\/article-synode\/#breadcrumb"},"inLanguage":"fr-FR","potentialAction":[{"@type":"ReadAction","target":["https:\/\/sedirelyon.fr\/lesdiaconessesdurocher\/article-synode\/"]}]},{"@type":"BreadcrumbList","@id":"https:\/\/sedirelyon.fr\/lesdiaconessesdurocher\/article-synode\/#breadcrumb","itemListElement":[{"@type":"ListItem","position":1,"name":"Accueil","item":"https:\/\/sedirelyon.fr\/lesdiaconessesdurocher\/"},{"@type":"ListItem","position":2,"name":"article synode"}]},{"@type":"WebSite","@id":"https:\/\/sedirelyon.fr\/lesdiaconessesdurocher\/#website","url":"https:\/\/sedirelyon.fr\/lesdiaconessesdurocher\/","name":"Les Diaconesses du Rocher","description":"des femmes dans l&#039;Eglise","potentialAction":[{"@type":"SearchAction","target":{"@type":"EntryPoint","urlTemplate":"https:\/\/sedirelyon.fr\/lesdiaconessesdurocher\/?s={search_term_string}"},"query-input":{"@type":"PropertyValueSpecification","valueRequired":true,"valueName":"search_term_string"}}],"inLanguage":"fr-FR"}]}},"jetpack_sharing_enabled":true,"jetpack_shortlink":"https:\/\/wp.me\/P7xNTI-j","jetpack-related-posts":[],"_links":{"self":[{"href":"https:\/\/sedirelyon.fr\/lesdiaconessesdurocher\/wp-json\/wp\/v2\/pages\/19","targetHints":{"allow":["GET"]}}],"collection":[{"href":"https:\/\/sedirelyon.fr\/lesdiaconessesdurocher\/wp-json\/wp\/v2\/pages"}],"about":[{"href":"https:\/\/sedirelyon.fr\/lesdiaconessesdurocher\/wp-json\/wp\/v2\/types\/page"}],"author":[{"embeddable":true,"href":"https:\/\/sedirelyon.fr\/lesdiaconessesdurocher\/wp-json\/wp\/v2\/users\/1"}],"replies":[{"embeddable":true,"href":"https:\/\/sedirelyon.fr\/lesdiaconessesdurocher\/wp-json\/wp\/v2\/comments?post=19"}],"version-history":[{"count":4,"href":"https:\/\/sedirelyon.fr\/lesdiaconessesdurocher\/wp-json\/wp\/v2\/pages\/19\/revisions"}],"predecessor-version":[{"id":449,"href":"https:\/\/sedirelyon.fr\/lesdiaconessesdurocher\/wp-json\/wp\/v2\/pages\/19\/revisions\/449"}],"wp:attachment":[{"href":"https:\/\/sedirelyon.fr\/lesdiaconessesdurocher\/wp-json\/wp\/v2\/media?parent=19"}],"curies":[{"name":"wp","href":"https:\/\/api.w.org\/{rel}","templated":true}]}}