{"id":59,"date":"2016-02-15T19:02:08","date_gmt":"2016-02-15T18:02:08","guid":{"rendered":"http:\/\/sedirelyon.fr\/lesdiaconessesdurocher\/?page_id=59"},"modified":"2016-02-16T18:42:43","modified_gmt":"2016-02-16T17:42:43","slug":"liens-et-sites","status":"publish","type":"page","link":"https:\/\/sedirelyon.fr\/lesdiaconessesdurocher\/ecrits-de-femmes\/liens-et-sites\/","title":{"rendered":"liens et sites"},"content":{"rendered":"<div class=\"entry-content\">\n<h2><a href=\"http:\/\/femmes-ministeres.org\/\">Femmes et Minist\u00e8res<\/a><\/h2>\n<pre>Dans la foul\u00e9e du concile Vatican II, de plus en plus de femmes se sont engag\u00e9es au service de l\u2019\u00c9glise aux niveaux dioc\u00e9sain, paroissial ou scolaire. Les ann\u00e9es 1980 ont marqu\u00e9 un essor remarquable des la\u00efques en pastorale. Un certain nombre de femmes, r\u00e9mun\u00e9r\u00e9es par l\u2019institution eccl\u00e9siale, consacraient plusieurs jours par semaine \u00e0 un service pastoral ou administratif. Avec les ann\u00e9es des femmes ont assum\u00e9 des t\u00e2ches et des fonctions autrefois exclusivement r\u00e9serv\u00e9es aux clercs. C\u2019est dans ce contexte eccl\u00e9sial, qu\u2019en octobre 1982, une vingtaine de femmes, engag\u00e9es en \u00c9glise et\/ou th\u00e9ologiennes, jetaient les bases d\u2019un regroupement qui allait devenir le r\u00e9seau Femmes et Minist\u00e8res. C\u2019\u00e9tait la premi\u00e8re fois que, dans un esprit de solidarit\u00e9, des femmes venues de plusieurs dioc\u00e8ses francophones se rassemblaient pour partager leur exp\u00e9rience pastorale, r\u00e9fl\u00e9chir sur les dimensions th\u00e9ologiques de leur engagement et c\u00e9l\u00e9brer leur service dans l\u2019\u00c9glise du Qu\u00e9bec.<\/pre>\n<\/div>\n<p>la\u00a0 <a href=\"http:\/\/fhedles.fr\/\" target=\"_blank\">FHEDLES\u00a0 \u00a0<\/a>Pour les Hommes et les femmes , \u00e9galit\u00e9 dans l&rsquo;Eglse<\/p>\n<p><a href=\"http:\/\/ustpaul.ca\/index.php\" target=\"_blank\">l&rsquo;universit\u00e9 St Paul\u00a0 \u00a0<\/a>Une universit\u00e9 canadienne qui est un haut lieu de r\u00e9flexion sur les th\u00e8mes homme-femme dans le monde et l&rsquo;Eglise .<\/p>\n<p>Le comit\u00e9 de la jupe alpha.comitedelajupe.fr<\/p>\n<p>La CCBF\u00a0 http:\/\/www.baptises.fr\/<\/p>\n","protected":false},"excerpt":{"rendered":"<p>Femmes et Minist\u00e8res Dans la foul\u00e9e du concile Vatican II, de plus en plus de femmes se sont engag\u00e9es au service de l\u2019\u00c9glise aux niveaux dioc\u00e9sain, paroissial ou scolaire. Les ann\u00e9es 1980 ont marqu\u00e9 un essor remarquable des la\u00efques en pastorale. Un certain nombre de femmes, r\u00e9mun\u00e9r\u00e9es par l\u2019institution eccl\u00e9siale, consacraient plusieurs jours par semaine &hellip; <a href=\"https:\/\/sedirelyon.fr\/lesdiaconessesdurocher\/ecrits-de-femmes\/liens-et-sites\/\" class=\"more-link\">Continuer la lecture<span class=\"screen-reader-text\"> de &laquo;&nbsp;liens et sites&nbsp;&raquo;<\/span><\/a><\/p>\n","protected":false},"author":1,"featured_media":91,"parent":66,"menu_order":0,"comment_status":"closed","ping_status":"closed","template":"","meta":{"jetpack_post_was_ever_published":false,"footnotes":""},"class_list":["post-59","page","type-page","status-publish","has-post-thumbnail","hentry"],"yoast_head":"<!-- This site is optimized with the Yoast SEO plugin v27.4 - https:\/\/yoast.com\/product\/yoast-seo-wordpress\/ -->\n<title>liens et sites - Les Diaconesses du Rocher<\/title>\n<meta name=\"robots\" content=\"index, follow, max-snippet:-1, max-image-preview:large, max-video-preview:-1\" \/>\n<link rel=\"canonical\" href=\"http:\/\/sedirelyon.fr\/lesdiaconessesdurocher\/ecrits-de-femmes\/liens-et-sites\/\" \/>\n<meta property=\"og:locale\" content=\"fr_FR\" \/>\n<meta property=\"og:type\" content=\"article\" \/>\n<meta property=\"og:title\" content=\"liens et sites - Les Diaconesses du Rocher\" \/>\n<meta property=\"og:description\" content=\"Femmes et Minist\u00e8res Dans la foul\u00e9e du concile Vatican II, de plus en plus de femmes se sont engag\u00e9es au service de l\u2019\u00c9glise aux niveaux dioc\u00e9sain, paroissial ou scolaire. Les ann\u00e9es 1980 ont marqu\u00e9 un essor remarquable des la\u00efques en pastorale. Un certain nombre de femmes, r\u00e9mun\u00e9r\u00e9es par l\u2019institution eccl\u00e9siale, consacraient plusieurs jours par semaine &hellip; Continuer la lecture de &laquo;&nbsp;liens et sites&nbsp;&raquo;\" \/>\n<meta property=\"og:url\" content=\"http:\/\/sedirelyon.fr\/lesdiaconessesdurocher\/ecrits-de-femmes\/liens-et-sites\/\" \/>\n<meta property=\"og:site_name\" content=\"Les Diaconesses du Rocher\" \/>\n<meta property=\"article:modified_time\" content=\"2016-02-16T17:42:43+00:00\" \/>\n<meta property=\"og:image\" content=\"https:\/\/i0.wp.com\/sedirelyon.fr\/lesdiaconessesdurocher\/wp-content\/uploads\/sites\/2\/2016\/02\/mozaic-kdo.jpg?fit=2048%2C625\" \/>\n\t<meta property=\"og:image:width\" content=\"2048\" \/>\n\t<meta property=\"og:image:height\" content=\"625\" \/>\n\t<meta property=\"og:image:type\" content=\"image\/jpeg\" \/>\n<meta name=\"twitter:card\" content=\"summary_large_image\" \/>\n<meta name=\"twitter:label1\" content=\"Dur\u00e9e de lecture estim\u00e9e\" \/>\n\t<meta name=\"twitter:data1\" content=\"1 minute\" \/>\n<script type=\"application\/ld+json\" class=\"yoast-schema-graph\">{\"@context\":\"https:\\\/\\\/schema.org\",\"@graph\":[{\"@type\":\"WebPage\",\"@id\":\"http:\\\/\\\/sedirelyon.fr\\\/lesdiaconessesdurocher\\\/ecrits-de-femmes\\\/liens-et-sites\\\/\",\"url\":\"http:\\\/\\\/sedirelyon.fr\\\/lesdiaconessesdurocher\\\/ecrits-de-femmes\\\/liens-et-sites\\\/\",\"name\":\"liens et sites - Les Diaconesses du Rocher\",\"isPartOf\":{\"@id\":\"https:\\\/\\\/sedirelyon.fr\\\/lesdiaconessesdurocher\\\/#website\"},\"primaryImageOfPage\":{\"@id\":\"http:\\\/\\\/sedirelyon.fr\\\/lesdiaconessesdurocher\\\/ecrits-de-femmes\\\/liens-et-sites\\\/#primaryimage\"},\"image\":{\"@id\":\"http:\\\/\\\/sedirelyon.fr\\\/lesdiaconessesdurocher\\\/ecrits-de-femmes\\\/liens-et-sites\\\/#primaryimage\"},\"thumbnailUrl\":\"https:\\\/\\\/i0.wp.com\\\/sedirelyon.fr\\\/lesdiaconessesdurocher\\\/wp-content\\\/uploads\\\/sites\\\/2\\\/2016\\\/02\\\/mozaic-kdo.jpg?fit=2048%2C625&ssl=1\",\"datePublished\":\"2016-02-15T18:02:08+00:00\",\"dateModified\":\"2016-02-16T17:42:43+00:00\",\"breadcrumb\":{\"@id\":\"http:\\\/\\\/sedirelyon.fr\\\/lesdiaconessesdurocher\\\/ecrits-de-femmes\\\/liens-et-sites\\\/#breadcrumb\"},\"inLanguage\":\"fr-FR\",\"potentialAction\":[{\"@type\":\"ReadAction\",\"target\":[\"http:\\\/\\\/sedirelyon.fr\\\/lesdiaconessesdurocher\\\/ecrits-de-femmes\\\/liens-et-sites\\\/\"]}]},{\"@type\":\"ImageObject\",\"inLanguage\":\"fr-FR\",\"@id\":\"http:\\\/\\\/sedirelyon.fr\\\/lesdiaconessesdurocher\\\/ecrits-de-femmes\\\/liens-et-sites\\\/#primaryimage\",\"url\":\"https:\\\/\\\/i0.wp.com\\\/sedirelyon.fr\\\/lesdiaconessesdurocher\\\/wp-content\\\/uploads\\\/sites\\\/2\\\/2016\\\/02\\\/mozaic-kdo.jpg?fit=2048%2C625&ssl=1\",\"contentUrl\":\"https:\\\/\\\/i0.wp.com\\\/sedirelyon.fr\\\/lesdiaconessesdurocher\\\/wp-content\\\/uploads\\\/sites\\\/2\\\/2016\\\/02\\\/mozaic-kdo.jpg?fit=2048%2C625&ssl=1\",\"width\":2048,\"height\":625,\"caption\":\"Mosa\u00efque de de la Porte imp\u00e9riale, Sainte-Sophie (Istanbul, Turquie)\"},{\"@type\":\"BreadcrumbList\",\"@id\":\"http:\\\/\\\/sedirelyon.fr\\\/lesdiaconessesdurocher\\\/ecrits-de-femmes\\\/liens-et-sites\\\/#breadcrumb\",\"itemListElement\":[{\"@type\":\"ListItem\",\"position\":1,\"name\":\"Accueil\",\"item\":\"https:\\\/\\\/sedirelyon.fr\\\/lesdiaconessesdurocher\\\/\"},{\"@type\":\"ListItem\",\"position\":2,\"name\":\"\u00e9crits de femmes\",\"item\":\"http:\\\/\\\/sedirelyon.fr\\\/lesdiaconessesdurocher\\\/ecrits-de-femmes\\\/\"},{\"@type\":\"ListItem\",\"position\":3,\"name\":\"liens et sites\"}]},{\"@type\":\"WebSite\",\"@id\":\"https:\\\/\\\/sedirelyon.fr\\\/lesdiaconessesdurocher\\\/#website\",\"url\":\"https:\\\/\\\/sedirelyon.fr\\\/lesdiaconessesdurocher\\\/\",\"name\":\"Les Diaconesses du Rocher\",\"description\":\"des femmes dans l&#039;Eglise\",\"potentialAction\":[{\"@type\":\"SearchAction\",\"target\":{\"@type\":\"EntryPoint\",\"urlTemplate\":\"https:\\\/\\\/sedirelyon.fr\\\/lesdiaconessesdurocher\\\/?s={search_term_string}\"},\"query-input\":{\"@type\":\"PropertyValueSpecification\",\"valueRequired\":true,\"valueName\":\"search_term_string\"}}],\"inLanguage\":\"fr-FR\"}]}<\/script>\n<!-- \/ Yoast SEO plugin. -->","yoast_head_json":{"title":"liens et sites - Les Diaconesses du Rocher","robots":{"index":"index","follow":"follow","max-snippet":"max-snippet:-1","max-image-preview":"max-image-preview:large","max-video-preview":"max-video-preview:-1"},"canonical":"http:\/\/sedirelyon.fr\/lesdiaconessesdurocher\/ecrits-de-femmes\/liens-et-sites\/","og_locale":"fr_FR","og_type":"article","og_title":"liens et sites - Les Diaconesses du Rocher","og_description":"Femmes et Minist\u00e8res Dans la foul\u00e9e du concile Vatican II, de plus en plus de femmes se sont engag\u00e9es au service de l\u2019\u00c9glise aux niveaux dioc\u00e9sain, paroissial ou scolaire. Les ann\u00e9es 1980 ont marqu\u00e9 un essor remarquable des la\u00efques en pastorale. Un certain nombre de femmes, r\u00e9mun\u00e9r\u00e9es par l\u2019institution eccl\u00e9siale, consacraient plusieurs jours par semaine &hellip; Continuer la lecture de &laquo;&nbsp;liens et sites&nbsp;&raquo;","og_url":"http:\/\/sedirelyon.fr\/lesdiaconessesdurocher\/ecrits-de-femmes\/liens-et-sites\/","og_site_name":"Les Diaconesses du Rocher","article_modified_time":"2016-02-16T17:42:43+00:00","og_image":[{"width":2048,"height":625,"url":"https:\/\/i0.wp.com\/sedirelyon.fr\/lesdiaconessesdurocher\/wp-content\/uploads\/sites\/2\/2016\/02\/mozaic-kdo.jpg?fit=2048%2C625","type":"image\/jpeg"}],"twitter_card":"summary_large_image","twitter_misc":{"Dur\u00e9e de lecture estim\u00e9e":"1 minute"},"schema":{"@context":"https:\/\/schema.org","@graph":[{"@type":"WebPage","@id":"http:\/\/sedirelyon.fr\/lesdiaconessesdurocher\/ecrits-de-femmes\/liens-et-sites\/","url":"http:\/\/sedirelyon.fr\/lesdiaconessesdurocher\/ecrits-de-femmes\/liens-et-sites\/","name":"liens et sites - Les Diaconesses du Rocher","isPartOf":{"@id":"https:\/\/sedirelyon.fr\/lesdiaconessesdurocher\/#website"},"primaryImageOfPage":{"@id":"http:\/\/sedirelyon.fr\/lesdiaconessesdurocher\/ecrits-de-femmes\/liens-et-sites\/#primaryimage"},"image":{"@id":"http:\/\/sedirelyon.fr\/lesdiaconessesdurocher\/ecrits-de-femmes\/liens-et-sites\/#primaryimage"},"thumbnailUrl":"https:\/\/i0.wp.com\/sedirelyon.fr\/lesdiaconessesdurocher\/wp-content\/uploads\/sites\/2\/2016\/02\/mozaic-kdo.jpg?fit=2048%2C625&ssl=1","datePublished":"2016-02-15T18:02:08+00:00","dateModified":"2016-02-16T17:42:43+00:00","breadcrumb":{"@id":"http:\/\/sedirelyon.fr\/lesdiaconessesdurocher\/ecrits-de-femmes\/liens-et-sites\/#breadcrumb"},"inLanguage":"fr-FR","potentialAction":[{"@type":"ReadAction","target":["http:\/\/sedirelyon.fr\/lesdiaconessesdurocher\/ecrits-de-femmes\/liens-et-sites\/"]}]},{"@type":"ImageObject","inLanguage":"fr-FR","@id":"http:\/\/sedirelyon.fr\/lesdiaconessesdurocher\/ecrits-de-femmes\/liens-et-sites\/#primaryimage","url":"https:\/\/i0.wp.com\/sedirelyon.fr\/lesdiaconessesdurocher\/wp-content\/uploads\/sites\/2\/2016\/02\/mozaic-kdo.jpg?fit=2048%2C625&ssl=1","contentUrl":"https:\/\/i0.wp.com\/sedirelyon.fr\/lesdiaconessesdurocher\/wp-content\/uploads\/sites\/2\/2016\/02\/mozaic-kdo.jpg?fit=2048%2C625&ssl=1","width":2048,"height":625,"caption":"Mosa\u00efque de de la Porte imp\u00e9riale, Sainte-Sophie (Istanbul, Turquie)"},{"@type":"BreadcrumbList","@id":"http:\/\/sedirelyon.fr\/lesdiaconessesdurocher\/ecrits-de-femmes\/liens-et-sites\/#breadcrumb","itemListElement":[{"@type":"ListItem","position":1,"name":"Accueil","item":"https:\/\/sedirelyon.fr\/lesdiaconessesdurocher\/"},{"@type":"ListItem","position":2,"name":"\u00e9crits de femmes","item":"http:\/\/sedirelyon.fr\/lesdiaconessesdurocher\/ecrits-de-femmes\/"},{"@type":"ListItem","position":3,"name":"liens et sites"}]},{"@type":"WebSite","@id":"https:\/\/sedirelyon.fr\/lesdiaconessesdurocher\/#website","url":"https:\/\/sedirelyon.fr\/lesdiaconessesdurocher\/","name":"Les Diaconesses du Rocher","description":"des femmes dans l&#039;Eglise","potentialAction":[{"@type":"SearchAction","target":{"@type":"EntryPoint","urlTemplate":"https:\/\/sedirelyon.fr\/lesdiaconessesdurocher\/?s={search_term_string}"},"query-input":{"@type":"PropertyValueSpecification","valueRequired":true,"valueName":"search_term_string"}}],"inLanguage":"fr-FR"}]}},"jetpack_sharing_enabled":true,"jetpack_shortlink":"https:\/\/wp.me\/P7xNTI-X","jetpack-related-posts":[],"_links":{"self":[{"href":"https:\/\/sedirelyon.fr\/lesdiaconessesdurocher\/wp-json\/wp\/v2\/pages\/59","targetHints":{"allow":["GET"]}}],"collection":[{"href":"https:\/\/sedirelyon.fr\/lesdiaconessesdurocher\/wp-json\/wp\/v2\/pages"}],"about":[{"href":"https:\/\/sedirelyon.fr\/lesdiaconessesdurocher\/wp-json\/wp\/v2\/types\/page"}],"author":[{"embeddable":true,"href":"https:\/\/sedirelyon.fr\/lesdiaconessesdurocher\/wp-json\/wp\/v2\/users\/1"}],"replies":[{"embeddable":true,"href":"https:\/\/sedirelyon.fr\/lesdiaconessesdurocher\/wp-json\/wp\/v2\/comments?post=59"}],"version-history":[{"count":4,"href":"https:\/\/sedirelyon.fr\/lesdiaconessesdurocher\/wp-json\/wp\/v2\/pages\/59\/revisions"}],"predecessor-version":[{"id":92,"href":"https:\/\/sedirelyon.fr\/lesdiaconessesdurocher\/wp-json\/wp\/v2\/pages\/59\/revisions\/92"}],"up":[{"embeddable":true,"href":"https:\/\/sedirelyon.fr\/lesdiaconessesdurocher\/wp-json\/wp\/v2\/pages\/66"}],"wp:featuredmedia":[{"embeddable":true,"href":"https:\/\/sedirelyon.fr\/lesdiaconessesdurocher\/wp-json\/wp\/v2\/media\/91"}],"wp:attachment":[{"href":"https:\/\/sedirelyon.fr\/lesdiaconessesdurocher\/wp-json\/wp\/v2\/media?parent=59"}],"curies":[{"name":"wp","href":"https:\/\/api.w.org\/{rel}","templated":true}]}}