{"id":62,"date":"2016-02-15T19:13:34","date_gmt":"2016-02-15T18:13:34","guid":{"rendered":"http:\/\/sedirelyon.fr\/lesdiaconessesdurocher\/?page_id=62"},"modified":"2016-02-15T19:34:51","modified_gmt":"2016-02-15T18:34:51","slug":"egalite-des-droits","status":"publish","type":"page","link":"https:\/\/sedirelyon.fr\/lesdiaconessesdurocher\/ecrits-sur-les-femmes\/egalite-des-droits\/","title":{"rendered":"Egalit\u00e9 des droits"},"content":{"rendered":"<header class=\"entry-header\">\n<h1 class=\"entry-title\">D\u00e9claration de douze pr\u00eatres irlandais sur l\u2019\u00e9galit\u00e9 des hommes et des femmes dans l\u2019\u00c9glise<\/h1>\n<div class=\"entry-meta\"><span class=\"sep\">Publi\u00e9 le <\/span><a title=\"11 h 39 min\" href=\"http:\/\/femmes-ministeres.org\/?p=3435\" rel=\"bookmark\"><time class=\"entry-date\" datetime=\"2015-11-11T11:39:08+00:00\">11 novembre 2015<\/time><\/a><span class=\"by-author\"> <span class=\"sep\"> par <\/span> <span class=\"author vcard\"><a class=\"url fn n\" title=\"Afficher tous les articles par 12 pr\u00eatres irlandais\" href=\"http:\/\/femmes-ministeres.org\/?author=189\" rel=\"author\">12 pr\u00eatres irlandais<\/a><\/span><\/span><\/div>\n<\/header>\n<div class=\"entry-content\">\n<p><strong><em>Des pr\u00eatres demandent une discussion ouverte sur la n\u00e9cessaire \u00e9galit\u00e9 des femmes dans tous les aspects de la vie de l\u2019\u00c9glise, minist\u00e8re y compris.<\/em><\/strong><span id=\"more-3435\"><\/span><br \/>\n<i>Il n\u2019y a plus ni Juif, ni Grec; il n\u2019y a plus ni esclave, ni homme libre; il n\u2019y a plus l\u2019homme et la femme; car tous, vous n\u2019\u00eates qu\u2019un en J\u00e9sus Christ.<\/i> (Ga\u00a03, 28)<\/p>\n<p>Dans l\u2019\u00c9glise catholique, en d\u00e9pit du fait qu\u2019elles soient \u00e9gales aux hommes par leur bapt\u00eame, les femmes sont exclues de tous les postes de prise de d\u00e9cisions et des minist\u00e8res ordonn\u00e9s. En 1994, le pape Jean-Paul II a d\u00e9clar\u00e9 que l\u2019exclusion des femmes de la pr\u00eatrise ne pouvait m\u00eame pas \u00eatre discut\u00e9e dans l\u2019\u00c9glise. Le pape Beno\u00eet l\u2019a r\u00e9affirm\u00e9 et a m\u00eame renforc\u00e9 cet enseignement en insistant pour que ce soit d\u00e9finitif et que tous les catholiques se rallient \u00e0 cette d\u00e9cision. Le pape Fran\u00e7ois a dit que le pape Jean-Paul II, apr\u00e8s avoir r\u00e9fl\u00e9chi longtemps sur ce sujet, avait d\u00e9clar\u00e9 que les femmes ne pourraient jamais \u00eatre pr\u00eatres et que, cons\u00e9quemment, aucune nouvelle discussion sur l\u2019ordination des femmes n\u2019\u00e9tait dor\u00e9navant possible. En r\u00e9alit\u00e9, le pape Jean-Paul II n\u2019a ni encourag\u00e9 ni facilit\u00e9 le d\u00e9bat sur l\u2019ordination des femmes \u00e0 la pr\u00eatrise ou au diaconat avant de prendre sa d\u00e9cision. De plus, il n\u2019y a eu pratiquement aucune discussion sur les facteurs culturels complexes qui ont jusqu\u2019\u00e0 r\u00e9cemment exclu les femmes des r\u00f4les de leadership dans plusieurs soci\u00e9t\u00e9s&#8230;.<\/p>\n<p><a href=\"http:\/\/femmes-ministeres.org\/?p=3435#more-3435\" target=\"_blank\">lire toute la d\u00e9claration<\/a><\/p>\n<\/div>\n","protected":false},"excerpt":{"rendered":"<p>D\u00e9claration de douze pr\u00eatres irlandais sur l\u2019\u00e9galit\u00e9 des hommes et des femmes dans l\u2019\u00c9glise Publi\u00e9 le 11 novembre 2015 par 12 pr\u00eatres irlandais Des pr\u00eatres demandent une discussion ouverte sur la n\u00e9cessaire \u00e9galit\u00e9 des femmes dans tous les aspects de la vie de l\u2019\u00c9glise, minist\u00e8re y compris. Il n\u2019y a plus ni Juif, ni Grec; &hellip; <a href=\"https:\/\/sedirelyon.fr\/lesdiaconessesdurocher\/ecrits-sur-les-femmes\/egalite-des-droits\/\" class=\"more-link\">Continuer la lecture<span class=\"screen-reader-text\"> de &laquo;&nbsp;Egalit\u00e9 des droits&nbsp;&raquo;<\/span><\/a><\/p>\n","protected":false},"author":1,"featured_media":0,"parent":15,"menu_order":0,"comment_status":"closed","ping_status":"closed","template":"","meta":{"jetpack_post_was_ever_published":false,"footnotes":""},"class_list":["post-62","page","type-page","status-publish","hentry"],"yoast_head":"<!-- This site is optimized with the Yoast SEO plugin v27.4 - https:\/\/yoast.com\/product\/yoast-seo-wordpress\/ -->\n<title>Egalit\u00e9 des droits - Les Diaconesses du Rocher<\/title>\n<meta name=\"robots\" content=\"index, follow, max-snippet:-1, max-image-preview:large, max-video-preview:-1\" \/>\n<link rel=\"canonical\" href=\"https:\/\/sedirelyon.fr\/lesdiaconessesdurocher\/ecrits-sur-les-femmes\/egalite-des-droits\/\" \/>\n<meta property=\"og:locale\" content=\"fr_FR\" \/>\n<meta property=\"og:type\" content=\"article\" \/>\n<meta property=\"og:title\" content=\"Egalit\u00e9 des droits - Les Diaconesses du Rocher\" \/>\n<meta property=\"og:description\" content=\"D\u00e9claration de douze pr\u00eatres irlandais sur l\u2019\u00e9galit\u00e9 des hommes et des femmes dans l\u2019\u00c9glise Publi\u00e9 le 11 novembre 2015 par 12 pr\u00eatres irlandais Des pr\u00eatres demandent une discussion ouverte sur la n\u00e9cessaire \u00e9galit\u00e9 des femmes dans tous les aspects de la vie de l\u2019\u00c9glise, minist\u00e8re y compris. Il n\u2019y a plus ni Juif, ni Grec; &hellip; Continuer la lecture de &laquo;&nbsp;Egalit\u00e9 des droits&nbsp;&raquo;\" \/>\n<meta property=\"og:url\" content=\"https:\/\/sedirelyon.fr\/lesdiaconessesdurocher\/ecrits-sur-les-femmes\/egalite-des-droits\/\" \/>\n<meta property=\"og:site_name\" content=\"Les Diaconesses du Rocher\" \/>\n<meta property=\"article:modified_time\" content=\"2016-02-15T18:34:51+00:00\" \/>\n<meta name=\"twitter:card\" content=\"summary_large_image\" \/>\n<meta name=\"twitter:label1\" content=\"Dur\u00e9e de lecture estim\u00e9e\" \/>\n\t<meta name=\"twitter:data1\" content=\"2 minutes\" \/>\n<script type=\"application\/ld+json\" class=\"yoast-schema-graph\">{\"@context\":\"https:\\\/\\\/schema.org\",\"@graph\":[{\"@type\":\"WebPage\",\"@id\":\"https:\\\/\\\/sedirelyon.fr\\\/lesdiaconessesdurocher\\\/ecrits-sur-les-femmes\\\/egalite-des-droits\\\/\",\"url\":\"https:\\\/\\\/sedirelyon.fr\\\/lesdiaconessesdurocher\\\/ecrits-sur-les-femmes\\\/egalite-des-droits\\\/\",\"name\":\"Egalit\u00e9 des droits - Les Diaconesses du Rocher\",\"isPartOf\":{\"@id\":\"https:\\\/\\\/sedirelyon.fr\\\/lesdiaconessesdurocher\\\/#website\"},\"datePublished\":\"2016-02-15T18:13:34+00:00\",\"dateModified\":\"2016-02-15T18:34:51+00:00\",\"breadcrumb\":{\"@id\":\"https:\\\/\\\/sedirelyon.fr\\\/lesdiaconessesdurocher\\\/ecrits-sur-les-femmes\\\/egalite-des-droits\\\/#breadcrumb\"},\"inLanguage\":\"fr-FR\",\"potentialAction\":[{\"@type\":\"ReadAction\",\"target\":[\"https:\\\/\\\/sedirelyon.fr\\\/lesdiaconessesdurocher\\\/ecrits-sur-les-femmes\\\/egalite-des-droits\\\/\"]}]},{\"@type\":\"BreadcrumbList\",\"@id\":\"https:\\\/\\\/sedirelyon.fr\\\/lesdiaconessesdurocher\\\/ecrits-sur-les-femmes\\\/egalite-des-droits\\\/#breadcrumb\",\"itemListElement\":[{\"@type\":\"ListItem\",\"position\":1,\"name\":\"Accueil\",\"item\":\"https:\\\/\\\/sedirelyon.fr\\\/lesdiaconessesdurocher\\\/\"},{\"@type\":\"ListItem\",\"position\":2,\"name\":\"Ecrits sur les femmes\",\"item\":\"https:\\\/\\\/sedirelyon.fr\\\/lesdiaconessesdurocher\\\/ecrits-sur-les-femmes\\\/\"},{\"@type\":\"ListItem\",\"position\":3,\"name\":\"Egalit\u00e9 des droits\"}]},{\"@type\":\"WebSite\",\"@id\":\"https:\\\/\\\/sedirelyon.fr\\\/lesdiaconessesdurocher\\\/#website\",\"url\":\"https:\\\/\\\/sedirelyon.fr\\\/lesdiaconessesdurocher\\\/\",\"name\":\"Les Diaconesses du Rocher\",\"description\":\"des femmes dans l&#039;Eglise\",\"potentialAction\":[{\"@type\":\"SearchAction\",\"target\":{\"@type\":\"EntryPoint\",\"urlTemplate\":\"https:\\\/\\\/sedirelyon.fr\\\/lesdiaconessesdurocher\\\/?s={search_term_string}\"},\"query-input\":{\"@type\":\"PropertyValueSpecification\",\"valueRequired\":true,\"valueName\":\"search_term_string\"}}],\"inLanguage\":\"fr-FR\"}]}<\/script>\n<!-- \/ Yoast SEO plugin. -->","yoast_head_json":{"title":"Egalit\u00e9 des droits - Les Diaconesses du Rocher","robots":{"index":"index","follow":"follow","max-snippet":"max-snippet:-1","max-image-preview":"max-image-preview:large","max-video-preview":"max-video-preview:-1"},"canonical":"https:\/\/sedirelyon.fr\/lesdiaconessesdurocher\/ecrits-sur-les-femmes\/egalite-des-droits\/","og_locale":"fr_FR","og_type":"article","og_title":"Egalit\u00e9 des droits - Les Diaconesses du Rocher","og_description":"D\u00e9claration de douze pr\u00eatres irlandais sur l\u2019\u00e9galit\u00e9 des hommes et des femmes dans l\u2019\u00c9glise Publi\u00e9 le 11 novembre 2015 par 12 pr\u00eatres irlandais Des pr\u00eatres demandent une discussion ouverte sur la n\u00e9cessaire \u00e9galit\u00e9 des femmes dans tous les aspects de la vie de l\u2019\u00c9glise, minist\u00e8re y compris. Il n\u2019y a plus ni Juif, ni Grec; &hellip; Continuer la lecture de &laquo;&nbsp;Egalit\u00e9 des droits&nbsp;&raquo;","og_url":"https:\/\/sedirelyon.fr\/lesdiaconessesdurocher\/ecrits-sur-les-femmes\/egalite-des-droits\/","og_site_name":"Les Diaconesses du Rocher","article_modified_time":"2016-02-15T18:34:51+00:00","twitter_card":"summary_large_image","twitter_misc":{"Dur\u00e9e de lecture estim\u00e9e":"2 minutes"},"schema":{"@context":"https:\/\/schema.org","@graph":[{"@type":"WebPage","@id":"https:\/\/sedirelyon.fr\/lesdiaconessesdurocher\/ecrits-sur-les-femmes\/egalite-des-droits\/","url":"https:\/\/sedirelyon.fr\/lesdiaconessesdurocher\/ecrits-sur-les-femmes\/egalite-des-droits\/","name":"Egalit\u00e9 des droits - Les Diaconesses du Rocher","isPartOf":{"@id":"https:\/\/sedirelyon.fr\/lesdiaconessesdurocher\/#website"},"datePublished":"2016-02-15T18:13:34+00:00","dateModified":"2016-02-15T18:34:51+00:00","breadcrumb":{"@id":"https:\/\/sedirelyon.fr\/lesdiaconessesdurocher\/ecrits-sur-les-femmes\/egalite-des-droits\/#breadcrumb"},"inLanguage":"fr-FR","potentialAction":[{"@type":"ReadAction","target":["https:\/\/sedirelyon.fr\/lesdiaconessesdurocher\/ecrits-sur-les-femmes\/egalite-des-droits\/"]}]},{"@type":"BreadcrumbList","@id":"https:\/\/sedirelyon.fr\/lesdiaconessesdurocher\/ecrits-sur-les-femmes\/egalite-des-droits\/#breadcrumb","itemListElement":[{"@type":"ListItem","position":1,"name":"Accueil","item":"https:\/\/sedirelyon.fr\/lesdiaconessesdurocher\/"},{"@type":"ListItem","position":2,"name":"Ecrits sur les femmes","item":"https:\/\/sedirelyon.fr\/lesdiaconessesdurocher\/ecrits-sur-les-femmes\/"},{"@type":"ListItem","position":3,"name":"Egalit\u00e9 des droits"}]},{"@type":"WebSite","@id":"https:\/\/sedirelyon.fr\/lesdiaconessesdurocher\/#website","url":"https:\/\/sedirelyon.fr\/lesdiaconessesdurocher\/","name":"Les Diaconesses du Rocher","description":"des femmes dans l&#039;Eglise","potentialAction":[{"@type":"SearchAction","target":{"@type":"EntryPoint","urlTemplate":"https:\/\/sedirelyon.fr\/lesdiaconessesdurocher\/?s={search_term_string}"},"query-input":{"@type":"PropertyValueSpecification","valueRequired":true,"valueName":"search_term_string"}}],"inLanguage":"fr-FR"}]}},"jetpack_sharing_enabled":true,"jetpack_shortlink":"https:\/\/wp.me\/P7xNTI-10","jetpack-related-posts":[],"_links":{"self":[{"href":"https:\/\/sedirelyon.fr\/lesdiaconessesdurocher\/wp-json\/wp\/v2\/pages\/62","targetHints":{"allow":["GET"]}}],"collection":[{"href":"https:\/\/sedirelyon.fr\/lesdiaconessesdurocher\/wp-json\/wp\/v2\/pages"}],"about":[{"href":"https:\/\/sedirelyon.fr\/lesdiaconessesdurocher\/wp-json\/wp\/v2\/types\/page"}],"author":[{"embeddable":true,"href":"https:\/\/sedirelyon.fr\/lesdiaconessesdurocher\/wp-json\/wp\/v2\/users\/1"}],"replies":[{"embeddable":true,"href":"https:\/\/sedirelyon.fr\/lesdiaconessesdurocher\/wp-json\/wp\/v2\/comments?post=62"}],"version-history":[{"count":1,"href":"https:\/\/sedirelyon.fr\/lesdiaconessesdurocher\/wp-json\/wp\/v2\/pages\/62\/revisions"}],"predecessor-version":[{"id":63,"href":"https:\/\/sedirelyon.fr\/lesdiaconessesdurocher\/wp-json\/wp\/v2\/pages\/62\/revisions\/63"}],"up":[{"embeddable":true,"href":"https:\/\/sedirelyon.fr\/lesdiaconessesdurocher\/wp-json\/wp\/v2\/pages\/15"}],"wp:attachment":[{"href":"https:\/\/sedirelyon.fr\/lesdiaconessesdurocher\/wp-json\/wp\/v2\/media?parent=62"}],"curies":[{"name":"wp","href":"https:\/\/api.w.org\/{rel}","templated":true}]}}